{"id":37,"date":"2022-08-11T12:13:47","date_gmt":"2022-08-11T10:13:47","guid":{"rendered":"https:\/\/nextbike-live.pluspol-networks.de\/bicimislata\/imprint\/"},"modified":"2023-02-16T10:12:02","modified_gmt":"2023-02-16T09:12:02","slug":"imprint","status":"publish","type":"page","link":"https:\/\/bicimislata.mibisivalencia.es\/en\/imprint\/","title":{"rendered":"Imprint"},"content":{"rendered":"<div class=\"wpb-content-wrapper\"><p>[vc_row][vc_column][vc_column_text]<h1>Imprint<\/h1>\n<p>&nbsp;<\/p>\n<h4>information according to \u00a7 5 TMG:<\/h4>\n<p>MOVILIDAD URBANA SOSTENIBLE SL<br \/>\nCALLE MANY\u00c0 24, POL. EMPRESARIAL T\u00c1CTICA, 46980 PATERNA &#8211; VALENCIA, ESPA\u00d1A<\/p>\n<h4>Represented by:<\/h4>\n<p>MAURO FIORE<\/p>\n<h4>Contact:<\/h4>\n<p>MOVILIDAD URBANA SOSTENIBLE SL<br \/>\nCALLE MANY\u00c0 24, POL. EMPRESARIAL T\u00c1CTICA, 46980 PATERNA &#8211; VALENCIA, ESPA\u00d1A<br \/>\nTel: +34 96 111 15 75<br \/>\nE-Mail:\u00a0info@mibisivalencia.es<\/p>\n<h4>Register entry:<\/h4>\n<p>Registrado en el Registro Mercantil de Valencia con los siguientes datos:<\/p>\n<p>Tomo 8867, Folio 76, Hoja V-128332, Inscripci\u00f3n 1.<\/p>\n[\/vc_column_text][\/vc_column][\/vc_row][vc_row][vc_column width=&#8221;1\/3&#8243;][\/vc_column][vc_column width=&#8221;1\/3&#8243;][\/vc_column][vc_column width=&#8221;1\/3&#8243;][vc_column_text css=&#8221;.vc_custom_1676538721109{margin-bottom: -20px !important;}&#8221;]<strong>Official partner::<\/strong>[\/vc_column_text][vc_single_image image=&#8221;244&#8243; img_size=&#8221;medium&#8221;][\/vc_column][\/vc_row]<\/p>\n<\/div>","protected":false},"excerpt":{"rendered":"<p>[vc_row][vc_column][vc_column_text][\/vc_column_text][\/vc_column][\/vc_row][vc_row][vc_column width=&#8221;1\/3&#8243;][\/vc_column][vc_column width=&#8221;1\/3&#8243;][\/vc_column][vc_column width=&#8221;1\/3&#8243;][vc_column_text css=&#8221;.vc_custom_1676538721109{margin-bottom: -20px !important;}&#8221;]Official partner::[\/vc_column_text][vc_single_image image=&#8221;244&#8243; img_size=&#8221;medium&#8221;][\/vc_column][\/vc_row]<\/p>\n","protected":false},"author":5,"featured_media":0,"parent":0,"menu_order":0,"comment_status":"closed","ping_status":"closed","template":"","meta":{"_acf_changed":false,"inline_featured_image":false,"footnotes":""},"class_list":["post-37","page","type-page","status-publish","hentry"],"acf":[],"yoast_head":"<!-- This site is optimized with the Yoast SEO plugin v27.2 - https:\/\/yoast.com\/product\/yoast-seo-wordpress\/ -->\n<title>Imprint - BiciMislata<\/title>\n<meta name=\"robots\" content=\"index, follow, max-snippet:-1, max-image-preview:large, max-video-preview:-1\" \/>\n<link rel=\"canonical\" href=\"https:\/\/bicimislata.mibisivalencia.es\/en\/imprint\/\" \/>\n<meta property=\"og:locale\" content=\"en_US\" \/>\n<meta property=\"og:type\" content=\"article\" \/>\n<meta property=\"og:title\" content=\"Imprint - BiciMislata\" \/>\n<meta property=\"og:description\" content=\"[vc_row][vc_column][vc_column_text][\/vc_column_text][\/vc_column][\/vc_row][vc_row][vc_column width=&#8221;1\/3&#8243;][\/vc_column][vc_column width=&#8221;1\/3&#8243;][\/vc_column][vc_column width=&#8221;1\/3&#8243;][vc_column_text css=&#8221;.vc_custom_1676538721109{margin-bottom: -20px !important;}&#8221;]Official partner::[\/vc_column_text][vc_single_image image=&#8221;244&#8243; img_size=&#8221;medium&#8221;][\/vc_column][\/vc_row]\" \/>\n<meta property=\"og:url\" content=\"https:\/\/bicimislata.mibisivalencia.es\/en\/imprint\/\" \/>\n<meta property=\"og:site_name\" content=\"BiciMislata\" \/>\n<meta property=\"article:modified_time\" content=\"2023-02-16T09:12:02+00:00\" \/>\n<meta name=\"twitter:card\" content=\"summary_large_image\" \/>\n<meta name=\"twitter:label1\" content=\"Est. reading time\" \/>\n\t<meta name=\"twitter:data1\" content=\"1 minute\" \/>\n<script type=\"application\/ld+json\" class=\"yoast-schema-graph\">{\"@context\":\"https:\/\/schema.org\",\"@graph\":[{\"@type\":\"WebPage\",\"@id\":\"https:\/\/bicimislata.mibisivalencia.es\/en\/imprint\/\",\"url\":\"https:\/\/bicimislata.mibisivalencia.es\/en\/imprint\/\",\"name\":\"Imprint - BiciMislata\",\"isPartOf\":{\"@id\":\"https:\/\/bicimislata.mibisivalencia.es\/en\/#website\"},\"datePublished\":\"2022-08-11T10:13:47+00:00\",\"dateModified\":\"2023-02-16T09:12:02+00:00\",\"breadcrumb\":{\"@id\":\"https:\/\/bicimislata.mibisivalencia.es\/en\/imprint\/#breadcrumb\"},\"inLanguage\":\"en-US\",\"potentialAction\":[{\"@type\":\"ReadAction\",\"target\":[\"https:\/\/bicimislata.mibisivalencia.es\/en\/imprint\/\"]}]},{\"@type\":\"BreadcrumbList\",\"@id\":\"https:\/\/bicimislata.mibisivalencia.es\/en\/imprint\/#breadcrumb\",\"itemListElement\":[{\"@type\":\"ListItem\",\"position\":1,\"name\":\"Startseite\",\"item\":\"https:\/\/bicimislata.mibisivalencia.es\/en\/\"},{\"@type\":\"ListItem\",\"position\":2,\"name\":\"Imprint\"}]},{\"@type\":\"WebSite\",\"@id\":\"https:\/\/bicimislata.mibisivalencia.es\/en\/#website\",\"url\":\"https:\/\/bicimislata.mibisivalencia.es\/en\/\",\"name\":\"BiciMislata\",\"description\":\"Bicicletas compartidas en Mislata\",\"potentialAction\":[{\"@type\":\"SearchAction\",\"target\":{\"@type\":\"EntryPoint\",\"urlTemplate\":\"https:\/\/bicimislata.mibisivalencia.es\/en\/?s={search_term_string}\"},\"query-input\":{\"@type\":\"PropertyValueSpecification\",\"valueRequired\":true,\"valueName\":\"search_term_string\"}}],\"inLanguage\":\"en-US\"}]}<\/script>\n<!-- \/ Yoast SEO plugin. -->","yoast_head_json":{"title":"Imprint - BiciMislata","robots":{"index":"index","follow":"follow","max-snippet":"max-snippet:-1","max-image-preview":"max-image-preview:large","max-video-preview":"max-video-preview:-1"},"canonical":"https:\/\/bicimislata.mibisivalencia.es\/en\/imprint\/","og_locale":"en_US","og_type":"article","og_title":"Imprint - BiciMislata","og_description":"[vc_row][vc_column][vc_column_text][\/vc_column_text][\/vc_column][\/vc_row][vc_row][vc_column width=&#8221;1\/3&#8243;][\/vc_column][vc_column width=&#8221;1\/3&#8243;][\/vc_column][vc_column width=&#8221;1\/3&#8243;][vc_column_text css=&#8221;.vc_custom_1676538721109{margin-bottom: -20px !important;}&#8221;]Official partner::[\/vc_column_text][vc_single_image image=&#8221;244&#8243; img_size=&#8221;medium&#8221;][\/vc_column][\/vc_row]","og_url":"https:\/\/bicimislata.mibisivalencia.es\/en\/imprint\/","og_site_name":"BiciMislata","article_modified_time":"2023-02-16T09:12:02+00:00","twitter_card":"summary_large_image","twitter_misc":{"Est. reading time":"1 minute"},"schema":{"@context":"https:\/\/schema.org","@graph":[{"@type":"WebPage","@id":"https:\/\/bicimislata.mibisivalencia.es\/en\/imprint\/","url":"https:\/\/bicimislata.mibisivalencia.es\/en\/imprint\/","name":"Imprint - BiciMislata","isPartOf":{"@id":"https:\/\/bicimislata.mibisivalencia.es\/en\/#website"},"datePublished":"2022-08-11T10:13:47+00:00","dateModified":"2023-02-16T09:12:02+00:00","breadcrumb":{"@id":"https:\/\/bicimislata.mibisivalencia.es\/en\/imprint\/#breadcrumb"},"inLanguage":"en-US","potentialAction":[{"@type":"ReadAction","target":["https:\/\/bicimislata.mibisivalencia.es\/en\/imprint\/"]}]},{"@type":"BreadcrumbList","@id":"https:\/\/bicimislata.mibisivalencia.es\/en\/imprint\/#breadcrumb","itemListElement":[{"@type":"ListItem","position":1,"name":"Startseite","item":"https:\/\/bicimislata.mibisivalencia.es\/en\/"},{"@type":"ListItem","position":2,"name":"Imprint"}]},{"@type":"WebSite","@id":"https:\/\/bicimislata.mibisivalencia.es\/en\/#website","url":"https:\/\/bicimislata.mibisivalencia.es\/en\/","name":"BiciMislata","description":"Bicicletas compartidas en Mislata","potentialAction":[{"@type":"SearchAction","target":{"@type":"EntryPoint","urlTemplate":"https:\/\/bicimislata.mibisivalencia.es\/en\/?s={search_term_string}"},"query-input":{"@type":"PropertyValueSpecification","valueRequired":true,"valueName":"search_term_string"}}],"inLanguage":"en-US"}]}},"_links":{"self":[{"href":"https:\/\/bicimislata.mibisivalencia.es\/en\/wp-json\/wp\/v2\/pages\/37","targetHints":{"allow":["GET"]}}],"collection":[{"href":"https:\/\/bicimislata.mibisivalencia.es\/en\/wp-json\/wp\/v2\/pages"}],"about":[{"href":"https:\/\/bicimislata.mibisivalencia.es\/en\/wp-json\/wp\/v2\/types\/page"}],"author":[{"embeddable":true,"href":"https:\/\/bicimislata.mibisivalencia.es\/en\/wp-json\/wp\/v2\/users\/5"}],"replies":[{"embeddable":true,"href":"https:\/\/bicimislata.mibisivalencia.es\/en\/wp-json\/wp\/v2\/comments?post=37"}],"version-history":[{"count":3,"href":"https:\/\/bicimislata.mibisivalencia.es\/en\/wp-json\/wp\/v2\/pages\/37\/revisions"}],"predecessor-version":[{"id":513,"href":"https:\/\/bicimislata.mibisivalencia.es\/en\/wp-json\/wp\/v2\/pages\/37\/revisions\/513"}],"wp:attachment":[{"href":"https:\/\/bicimislata.mibisivalencia.es\/en\/wp-json\/wp\/v2\/media?parent=37"}],"curies":[{"name":"wp","href":"https:\/\/api.w.org\/{rel}","templated":true}]}}