{"id":101,"date":"2022-08-11T12:14:05","date_gmt":"2022-08-11T10:14:05","guid":{"rendered":"https:\/\/nextbike-live.pluspol-networks.de\/bicimislata\/datenschutz\/"},"modified":"2023-02-16T10:12:43","modified_gmt":"2023-02-16T09:12:43","slug":"privacy","status":"publish","type":"page","link":"https:\/\/bicimislata.mibisivalencia.es\/es\/privacy\/","title":{"rendered":"Protecci\u00f3n de Datos"},"content":{"rendered":"<div class=\"wpb-content-wrapper\"><p>[vc_row][vc_column][vc_column_text]<div class=\"ppi_privacy ppi_content\"><h2>Pol\u00edtica de privacidad de datos<\/h2>\n<p><strong>Nombre y direcci\u00f3n del responsable<\/strong><\/p>\n<p>La persona responsable en el sentido del Reglamento B\u00e1sico de Protecci\u00f3n de Datos y otras leyes nacionales de protecci\u00f3n de datos de los estados miembros, as\u00ed como otras disposiciones de protecci\u00f3n de datos, es:<\/p>\n<p><strong>MOVILIDAD URBANA SOSTENIBLE SL<\/strong><br \/>\nCarrer Many\u00e0 24, Parc Empresarial T\u00e1ctica,<br \/>\n46980 \u2013 Paterna, Val\u00e8ncia, Espa\u00f1a.<\/p>\n<p><strong>Service:\u00a0<\/strong><a href=\"tel:+34961111575\">+34 96 111 15 75<\/a><\/p>\n<p><strong>E-Mail:\u00a0<\/strong><a href=\"mailto:info@mibisivalencia.es\">info@mibisivalencia.es<\/a><\/p>\n<p>Nos tomamos muy en serio la protecci\u00f3n de sus datos personales y los tratamos de forma confidencial y de acuerdo con las normas legales de protecci\u00f3n de datos y esta declaraci\u00f3n.<\/p>\n<p>&nbsp;<\/p>\n<p>El uso de nuestras p\u00e1ginas web es posible sin proporcionar datos personales. En la medida en que se obtengan datos personales por nuestra parte (por ejemplo, nombre, direcci\u00f3n o direcciones de correo electr\u00f3nico), esto se realiza, en la medida de lo posible, siempre de forma voluntaria. Estos datos no se ceder\u00e1n a terceros sin su expreso consentimiento.<\/p>\n<p>&nbsp;<\/p>\n<p>La siguiente normativa le informa al respecto sobre el tipo, alcance y finalidad de la recogida, uso y tratamiento de datos personales por parte del prestador.<\/p>\n<p><a class=\"borlabs-cookie-preference\" href=\"#\">Realice ajustes individuales de protecci\u00f3n de datos.<\/a><\/p>\n<h4 class=\"ppi_download_headline\">Descargas<\/h4><div class=\"ppi_download_row ppi_row\"><div class=\"ppi_download_col ppi_col-md-6\"><p class=\"ppi_download_desc\">Pol\u00edtica privacidad BiciMislata (Espa\u00f1ol)<\/p><a aria-label=\"Se abre en una nueva pesta\u00f1a\" href=\"https:\/\/bicimislata.mibisivalencia.es\/wp-content\/uploads\/sites\/45\/2023\/01\/Politica-privacidad-BiciMislata_Espanol_2023.pdf\" target=\"_blank\" class=\"ppi_download_link\"><strong>Descargar<\/strong><\/a><\/div><div class=\"ppi_download_col ppi_col-md-6\"><p class=\"ppi_download_desc\">Uso del sitio web - EN (PDF)<\/p><a aria-label=\"Se abre en una nueva pesta\u00f1a\" href=\"https:\/\/bicimislata.mibisivalencia.es\/wp-content\/uploads\/2026\/01\/2026-01-12_Privacy-Notice-WEBSITE_nextbike_eng-6.pdf\" target=\"_blank\" class=\"ppi_download_link\"><strong>Descargar<\/strong><\/a><\/div><\/div><h4 class=\"ppi_download_headline\"><\/h4><div class=\"ppi_download_row ppi_row\"><div class=\"ppi_download_col ppi_col-md-6\"><p class=\"ppi_download_desc\">Uso de la aplicaci\u00f3n - GER (PDF)<\/p><a aria-label=\"Se abre en una nueva pesta\u00f1a\" href=\"https:\/\/bicimislata.mibisivalencia.es\/wp-content\/uploads\/2026\/01\/2026-01-12_Privacy-Notice-APP_nextbike_ger-6.pdf\" target=\"_blank\" class=\"ppi_download_link\"><strong>Descargar<\/strong><\/a><\/div><div class=\"ppi_download_col ppi_col-md-6\"><p class=\"ppi_download_desc\">Uso de la aplicaci\u00f3n - EN (PDF)<\/p><a aria-label=\"Se abre en una nueva pesta\u00f1a\" href=\"https:\/\/bicimislata.mibisivalencia.es\/wp-content\/uploads\/2026\/01\/2026-01-12_Privacy-Notice-APP_nextbike_eng-6.pdf\" target=\"_blank\" class=\"ppi_download_link\"><strong>Descargar<\/strong><\/a><\/div><\/div><\/div>[\/vc_column_text][\/vc_column][\/vc_row][vc_row][vc_column width=\u00bb1\/3&#8243;][\/vc_column][vc_column width=\u00bb1\/3&#8243;][\/vc_column][vc_column width=\u00bb1\/3&#8243;][vc_column_text css=\u00bb.vc_custom_1676538338928{margin-bottom: -20px !important;}\u00bb]<strong>Socio oficial:<\/strong>[\/vc_column_text][vc_single_image image=\u00bb242&#8243; img_size=\u00bbmedium\u00bb][\/vc_column][\/vc_row]<\/p>\n<\/div>","protected":false},"excerpt":{"rendered":"<p>[vc_row][vc_column][vc_column_text][\/vc_column_text][\/vc_column][\/vc_row][vc_row][vc_column width=\u00bb1\/3&#8243;][\/vc_column][vc_column width=\u00bb1\/3&#8243;][\/vc_column][vc_column width=\u00bb1\/3&#8243;][vc_column_text css=\u00bb.vc_custom_1676538338928{margin-bottom: -20px !important;}\u00bb]Socio oficial:[\/vc_column_text][vc_single_image image=\u00bb242&#8243; img_size=\u00bbmedium\u00bb][\/vc_column][\/vc_row]<\/p>\n","protected":false},"author":5,"featured_media":0,"parent":0,"menu_order":0,"comment_status":"closed","ping_status":"closed","template":"page-bubble.php","meta":{"_acf_changed":false,"inline_featured_image":false,"footnotes":""},"class_list":["post-101","page","type-page","status-publish","hentry"],"acf":[],"yoast_head":"<!-- This site is optimized with the Yoast SEO plugin v27.2 - https:\/\/yoast.com\/product\/yoast-seo-wordpress\/ -->\n<title>Protecci\u00f3n de Datos - BiciMislata<\/title>\n<meta name=\"robots\" content=\"index, follow, max-snippet:-1, max-image-preview:large, max-video-preview:-1\" \/>\n<link rel=\"canonical\" href=\"https:\/\/bicimislata.mibisivalencia.es\/es\/privacy\/\" \/>\n<meta property=\"og:locale\" content=\"es_ES\" \/>\n<meta property=\"og:type\" content=\"article\" \/>\n<meta property=\"og:title\" content=\"Protecci\u00f3n de Datos - BiciMislata\" \/>\n<meta property=\"og:description\" content=\"[vc_row][vc_column][vc_column_text][\/vc_column_text][\/vc_column][\/vc_row][vc_row][vc_column width=\u00bb1\/3&#8243;][\/vc_column][vc_column width=\u00bb1\/3&#8243;][\/vc_column][vc_column width=\u00bb1\/3&#8243;][vc_column_text css=\u00bb.vc_custom_1676538338928{margin-bottom: -20px !important;}\u00bb]Socio oficial:[\/vc_column_text][vc_single_image image=\u00bb242&#8243; img_size=\u00bbmedium\u00bb][\/vc_column][\/vc_row]\" \/>\n<meta property=\"og:url\" content=\"https:\/\/bicimislata.mibisivalencia.es\/es\/privacy\/\" \/>\n<meta property=\"og:site_name\" content=\"BiciMislata\" \/>\n<meta property=\"article:modified_time\" content=\"2023-02-16T09:12:43+00:00\" \/>\n<meta name=\"twitter:card\" content=\"summary_large_image\" \/>\n<meta name=\"twitter:label1\" content=\"Tiempo de lectura\" \/>\n\t<meta name=\"twitter:data1\" content=\"1 minuto\" \/>\n<script type=\"application\/ld+json\" class=\"yoast-schema-graph\">{\"@context\":\"https:\/\/schema.org\",\"@graph\":[{\"@type\":\"WebPage\",\"@id\":\"https:\/\/bicimislata.mibisivalencia.es\/es\/privacy\/\",\"url\":\"https:\/\/bicimislata.mibisivalencia.es\/es\/privacy\/\",\"name\":\"Protecci\u00f3n de Datos - BiciMislata\",\"isPartOf\":{\"@id\":\"https:\/\/bicimislata.mibisivalencia.es\/es\/#website\"},\"datePublished\":\"2022-08-11T10:14:05+00:00\",\"dateModified\":\"2023-02-16T09:12:43+00:00\",\"breadcrumb\":{\"@id\":\"https:\/\/bicimislata.mibisivalencia.es\/es\/privacy\/#breadcrumb\"},\"inLanguage\":\"es\",\"potentialAction\":[{\"@type\":\"ReadAction\",\"target\":[\"https:\/\/bicimislata.mibisivalencia.es\/es\/privacy\/\"]}]},{\"@type\":\"BreadcrumbList\",\"@id\":\"https:\/\/bicimislata.mibisivalencia.es\/es\/privacy\/#breadcrumb\",\"itemListElement\":[{\"@type\":\"ListItem\",\"position\":1,\"name\":\"Startseite\",\"item\":\"https:\/\/bicimislata.mibisivalencia.es\/es\/\"},{\"@type\":\"ListItem\",\"position\":2,\"name\":\"Protecci\u00f3n de Datos\"}]},{\"@type\":\"WebSite\",\"@id\":\"https:\/\/bicimislata.mibisivalencia.es\/es\/#website\",\"url\":\"https:\/\/bicimislata.mibisivalencia.es\/es\/\",\"name\":\"BiciMislata\",\"description\":\"Bicicletas compartidas en Mislata\",\"potentialAction\":[{\"@type\":\"SearchAction\",\"target\":{\"@type\":\"EntryPoint\",\"urlTemplate\":\"https:\/\/bicimislata.mibisivalencia.es\/es\/?s={search_term_string}\"},\"query-input\":{\"@type\":\"PropertyValueSpecification\",\"valueRequired\":true,\"valueName\":\"search_term_string\"}}],\"inLanguage\":\"es\"}]}<\/script>\n<!-- \/ Yoast SEO plugin. -->","yoast_head_json":{"title":"Protecci\u00f3n de Datos - BiciMislata","robots":{"index":"index","follow":"follow","max-snippet":"max-snippet:-1","max-image-preview":"max-image-preview:large","max-video-preview":"max-video-preview:-1"},"canonical":"https:\/\/bicimislata.mibisivalencia.es\/es\/privacy\/","og_locale":"es_ES","og_type":"article","og_title":"Protecci\u00f3n de Datos - BiciMislata","og_description":"[vc_row][vc_column][vc_column_text][\/vc_column_text][\/vc_column][\/vc_row][vc_row][vc_column width=\u00bb1\/3&#8243;][\/vc_column][vc_column width=\u00bb1\/3&#8243;][\/vc_column][vc_column width=\u00bb1\/3&#8243;][vc_column_text css=\u00bb.vc_custom_1676538338928{margin-bottom: -20px !important;}\u00bb]Socio oficial:[\/vc_column_text][vc_single_image image=\u00bb242&#8243; img_size=\u00bbmedium\u00bb][\/vc_column][\/vc_row]","og_url":"https:\/\/bicimislata.mibisivalencia.es\/es\/privacy\/","og_site_name":"BiciMislata","article_modified_time":"2023-02-16T09:12:43+00:00","twitter_card":"summary_large_image","twitter_misc":{"Tiempo de lectura":"1 minuto"},"schema":{"@context":"https:\/\/schema.org","@graph":[{"@type":"WebPage","@id":"https:\/\/bicimislata.mibisivalencia.es\/es\/privacy\/","url":"https:\/\/bicimislata.mibisivalencia.es\/es\/privacy\/","name":"Protecci\u00f3n de Datos - BiciMislata","isPartOf":{"@id":"https:\/\/bicimislata.mibisivalencia.es\/es\/#website"},"datePublished":"2022-08-11T10:14:05+00:00","dateModified":"2023-02-16T09:12:43+00:00","breadcrumb":{"@id":"https:\/\/bicimislata.mibisivalencia.es\/es\/privacy\/#breadcrumb"},"inLanguage":"es","potentialAction":[{"@type":"ReadAction","target":["https:\/\/bicimislata.mibisivalencia.es\/es\/privacy\/"]}]},{"@type":"BreadcrumbList","@id":"https:\/\/bicimislata.mibisivalencia.es\/es\/privacy\/#breadcrumb","itemListElement":[{"@type":"ListItem","position":1,"name":"Startseite","item":"https:\/\/bicimislata.mibisivalencia.es\/es\/"},{"@type":"ListItem","position":2,"name":"Protecci\u00f3n de Datos"}]},{"@type":"WebSite","@id":"https:\/\/bicimislata.mibisivalencia.es\/es\/#website","url":"https:\/\/bicimislata.mibisivalencia.es\/es\/","name":"BiciMislata","description":"Bicicletas compartidas en Mislata","potentialAction":[{"@type":"SearchAction","target":{"@type":"EntryPoint","urlTemplate":"https:\/\/bicimislata.mibisivalencia.es\/es\/?s={search_term_string}"},"query-input":{"@type":"PropertyValueSpecification","valueRequired":true,"valueName":"search_term_string"}}],"inLanguage":"es"}]}},"_links":{"self":[{"href":"https:\/\/bicimislata.mibisivalencia.es\/es\/wp-json\/wp\/v2\/pages\/101","targetHints":{"allow":["GET"]}}],"collection":[{"href":"https:\/\/bicimislata.mibisivalencia.es\/es\/wp-json\/wp\/v2\/pages"}],"about":[{"href":"https:\/\/bicimislata.mibisivalencia.es\/es\/wp-json\/wp\/v2\/types\/page"}],"author":[{"embeddable":true,"href":"https:\/\/bicimislata.mibisivalencia.es\/es\/wp-json\/wp\/v2\/users\/5"}],"replies":[{"embeddable":true,"href":"https:\/\/bicimislata.mibisivalencia.es\/es\/wp-json\/wp\/v2\/comments?post=101"}],"version-history":[{"count":2,"href":"https:\/\/bicimislata.mibisivalencia.es\/es\/wp-json\/wp\/v2\/pages\/101\/revisions"}],"predecessor-version":[{"id":516,"href":"https:\/\/bicimislata.mibisivalencia.es\/es\/wp-json\/wp\/v2\/pages\/101\/revisions\/516"}],"wp:attachment":[{"href":"https:\/\/bicimislata.mibisivalencia.es\/es\/wp-json\/wp\/v2\/media?parent=101"}],"curies":[{"name":"wp","href":"https:\/\/api.w.org\/{rel}","templated":true}]}}