{"id":103,"date":"2022-08-11T12:13:22","date_gmt":"2022-08-11T10:13:22","guid":{"rendered":"https:\/\/nextbike-live.pluspol-networks.de\/bicimislata\/faq\/"},"modified":"2023-02-16T10:11:01","modified_gmt":"2023-02-16T09:11:01","slug":"preguntas-mas-frecuentes","status":"publish","type":"page","link":"https:\/\/bicimislata.mibisivalencia.es\/es\/preguntas-mas-frecuentes\/","title":{"rendered":"Preguntas m\u00e1s frecuentes"},"content":{"rendered":"<div class=\"wpb-content-wrapper\"><p>[vc_row ppi_row_padding=\u00bbppi_remove_padding_top\u00bb][vc_column]<div class=\"nextbike faq-intro\">\n        <div class=\"faq-intro__image\">\n        <img loading=\"lazy\" decoding=\"async\" width=\"992\" height=\"661\" src=\"https:\/\/bicimislata.mibisivalencia.es\/wp-content\/uploads\/sites\/45\/2023\/01\/Smartbike_2.0__RS_DACH_DETAIL-1-992x661.jpg\" class=\"attachment-nex-md size-nex-md\" alt=\"\" srcset=\"https:\/\/bicimislata.mibisivalencia.es\/wp-content\/uploads\/sites\/45\/2023\/01\/Smartbike_2.0__RS_DACH_DETAIL-1-992x661.jpg 992w, https:\/\/bicimislata.mibisivalencia.es\/wp-content\/uploads\/sites\/45\/2023\/01\/Smartbike_2.0__RS_DACH_DETAIL-1-300x200.jpg 300w, https:\/\/bicimislata.mibisivalencia.es\/wp-content\/uploads\/sites\/45\/2023\/01\/Smartbike_2.0__RS_DACH_DETAIL-1-1024x682.jpg 1024w, https:\/\/bicimislata.mibisivalencia.es\/wp-content\/uploads\/sites\/45\/2023\/01\/Smartbike_2.0__RS_DACH_DETAIL-1-768x512.jpg 768w, https:\/\/bicimislata.mibisivalencia.es\/wp-content\/uploads\/sites\/45\/2023\/01\/Smartbike_2.0__RS_DACH_DETAIL-1-1920x1280.jpg 1920w, https:\/\/bicimislata.mibisivalencia.es\/wp-content\/uploads\/sites\/45\/2023\/01\/Smartbike_2.0__RS_DACH_DETAIL-1-1200x800.jpg 1200w, https:\/\/bicimislata.mibisivalencia.es\/wp-content\/uploads\/sites\/45\/2023\/01\/Smartbike_2.0__RS_DACH_DETAIL-1-480x320.jpg 480w, https:\/\/bicimislata.mibisivalencia.es\/wp-content\/uploads\/sites\/45\/2023\/01\/Smartbike_2.0__RS_DACH_DETAIL-1-210x140.jpg 210w, https:\/\/bicimislata.mibisivalencia.es\/wp-content\/uploads\/sites\/45\/2023\/01\/Smartbike_2.0__RS_DACH_DETAIL-1-150x100.jpg 150w, https:\/\/bicimislata.mibisivalencia.es\/wp-content\/uploads\/sites\/45\/2023\/01\/Smartbike_2.0__RS_DACH_DETAIL-1.jpg 2000w\" sizes=\"auto, (max-width: 992px) 100vw, 992px\" \/>    <\/div>\n            <div class=\"faq-intro__content\">\n                <h1 class=\"faq-intro__headline\">\n            Preguntas m\u00e1s frecuentes        <\/h1>\n                        <div class=\"faq-intro__text\">\n            \u00bfQuiere saber m\u00e1s? Aqu\u00ed encontrar\u00e1s las preguntas y respuestas m\u00e1s frecuentes sobre BiciMislata.        <\/div>\n            <\/div>\n    <\/div>\n[\/vc_column][\/vc_row][vc_row ppi_row_type=\u00bbppi_bg_black\u00bb full_width=\u00bbstretch_row\u00bb][vc_column]<div class=\"nextbike faqs\"><div class=\"faq__items\"><div class=\"ppi_row faqs__items__row\"><div class=\"ppi_col-xs-12\"><h3>Registrarse<\/h3><\/div><div class=\"ppi_col-xs-12 ppi_col-md-6 faqs__items__column\"><h6 id=\"faq-45-registrarse-261\" class=\"faqs__accordion\" tabindex=\"0\" role=\"button\" aria-expanded=\"false\" aria-controls=\"faq-panel-45-registrarse-261\"><i role=\"presentation\" class=\"icon icon-plus\"><\/i>\u00bfC\u00f3mo me puedo registrar?<\/h6><div id=\"faq-panel-45-registrarse-261\" class=\"faqs__panel\" role=\"region\" aria-labelledby=\"faq-45-registrarse-261\"><p>Te puedes registrar en nextbike siguiendo los pasos siguientes:<\/p>\n<ol>\n<li>Haz el pago del abono en las instalaciones del Ayuntamiento de Mislata. Qu\u00e9date el recibo.<\/li>\n<li>Acude al Centre Jove del Mercat o al Centre Jove Turia con DNI original y fotocopia del mismo<br \/>\ntanto del menor como del padre\/madre\/tutor y rellena un formulario de registro para j\u00f3venes de 14+ (los formularios ser\u00e1n facilitados en el Centre Jove)<\/li>\n<li>Un empleado te asesorar\u00e1 en la creaci\u00f3n la cuenta y validar\u00e1 el formulario de autorizaci\u00f3n.<\/li>\n<li>Recibir\u00e1s el PIN de acceso de 6 d\u00edgitos para tu cuenta de cliente a trav\u00e9s de un SMS en tu tel\u00e9fono m\u00f3vil.<\/li>\n<li>Ahora debes verificar tu cuenta. Para hacer esto, inicia sesi\u00f3n en tu cuenta de cliente a trav\u00e9s del sitio web <a href=\"https:\/\/www.bicimislata.mibisivalencia.es\">www.bicimislata.mibisivalencia.es<\/a> o la aplicaci\u00f3n nextbike by TIER.<\/li>\n<li>Despu\u00e9s de verificar tu cuenta, nextbike activar\u00e1 tu cuenta y podr\u00e1s comenzar.<\/li>\n<\/ol>\n<\/div><\/div><div class=\"ppi_col-xs-12 ppi_col-md-6 faqs__items__column\"><\/div><\/div><div class=\"ppi_row faqs__items__row\"><div class=\"ppi_col-xs-12\"><h3>Cuenta de cliente<\/h3><\/div><div class=\"ppi_col-xs-12 ppi_col-md-6 faqs__items__column\"><h6 id=\"faq-45-cuenta-de-cliente-265\" class=\"faqs__accordion\" tabindex=\"0\" role=\"button\" aria-expanded=\"false\" aria-controls=\"faq-panel-45-cuenta-de-cliente-265\"><i role=\"presentation\" class=\"icon icon-plus\"><\/i>\u00bfQu\u00e9 sucede si mi cuenta esta desactivada?<\/h6><div id=\"faq-panel-45-cuenta-de-cliente-265\" class=\"faqs__panel\" role=\"region\" aria-labelledby=\"faq-45-cuenta-de-cliente-265\"><p>Si tu cuenta ha sido desactivada, ponte en contacto con atenci\u00f3n al cliente al: 662 36 01 85, o acude al Centro Joven Turia o Centro Joven El Mercat para m\u00e1s informaci\u00f3n.<\/p>\n<\/div><\/div><div class=\"ppi_col-xs-12 ppi_col-md-6 faqs__items__column\"><h6 id=\"faq-45-cuenta-de-cliente-264\" class=\"faqs__accordion\" tabindex=\"0\" role=\"button\" aria-expanded=\"false\" aria-controls=\"faq-panel-45-cuenta-de-cliente-264\"><i role=\"presentation\" class=\"icon icon-plus\"><\/i>\u00bfC\u00f3mo puedo cambiar mi n\u00famero de tel\u00e9fono?<\/h6><div id=\"faq-panel-45-cuenta-de-cliente-264\" class=\"faqs__panel\" role=\"region\" aria-labelledby=\"faq-45-cuenta-de-cliente-264\"><p><span data-sheets-value=\"{&quot;1&quot;:2,&quot;2&quot;:&quot;P\u00f3ngase en contacto con nuestro servicio de atenci\u00f3n al cliente para cambiar su n\u00famero de tel\u00e9fono.&quot;}\" data-sheets-userformat=\"{&quot;2&quot;:7105,&quot;3&quot;:{&quot;1&quot;:0},&quot;9&quot;:1,&quot;10&quot;:0,&quot;11&quot;:4,&quot;12&quot;:0,&quot;14&quot;:{&quot;1&quot;:2,&quot;2&quot;:0},&quot;15&quot;:&quot;Arial, sans-serif&quot;}\">P\u00f3ngase en contacto con nuestro servicio de atenci\u00f3n al cliente para cambiar su n\u00famero de tel\u00e9fono.<\/span><\/p>\n<\/div><\/div><\/div><div class=\"ppi_row faqs__items__row\"><div class=\"ppi_col-xs-12\"><h3>Alquiler, aparcamiento y devoluci\u00f3n<\/h3><\/div><div class=\"ppi_col-xs-12 ppi_col-md-6 faqs__items__column\"><h6 id=\"faq-45-alquiler-aparcamiento-y-devolucin-281\" class=\"faqs__accordion\" tabindex=\"0\" role=\"button\" aria-expanded=\"false\" aria-controls=\"faq-panel-45-alquiler-aparcamiento-y-devolucin-281\"><i role=\"presentation\" class=\"icon icon-plus\"><\/i>La devoluci\u00f3n no se ha completado. \u00bfQu\u00e9 debo hacer?<\/h6><div id=\"faq-panel-45-alquiler-aparcamiento-y-devolucin-281\" class=\"faqs__panel\" role=\"region\" aria-labelledby=\"faq-45-alquiler-aparcamiento-y-devolucin-281\"><p>Por favor, informe a atenci\u00f3n al cliente, v\u00eda app o a nuestro tel\u00e9fono directo. Anote el n\u00famero de la bicicleta, la ubicaci\u00f3n y el tiempo de uso actual cuando quiso devolver la misma.<\/p>\n<\/div><h6 id=\"faq-45-alquiler-aparcamiento-y-devolucin-277\" class=\"faqs__accordion\" tabindex=\"0\" role=\"button\" aria-expanded=\"false\" aria-controls=\"faq-panel-45-alquiler-aparcamiento-y-devolucin-277\"><i role=\"presentation\" class=\"icon icon-plus\"><\/i>\u00bfPuedo alquilar m\u00e1s de una bicicleta con una sola cuenta?<\/h6><div id=\"faq-panel-45-alquiler-aparcamiento-y-devolucin-277\" class=\"faqs__panel\" role=\"region\" aria-labelledby=\"faq-45-alquiler-aparcamiento-y-devolucin-277\"><p>No, el servicio est\u00e1 limitado a una bicicleta por usuario.<\/p>\n<\/div><h6 id=\"faq-45-alquiler-aparcamiento-y-devolucin-273\" class=\"faqs__accordion\" tabindex=\"0\" role=\"button\" aria-expanded=\"false\" aria-controls=\"faq-panel-45-alquiler-aparcamiento-y-devolucin-273\"><i role=\"presentation\" class=\"icon icon-plus\"><\/i>\u00bfQu\u00e9 sucede si devuelvo la bicicleta fuera de las estaciones oficiales?<\/h6><div id=\"faq-panel-45-alquiler-aparcamiento-y-devolucin-273\" class=\"faqs__panel\" role=\"region\" aria-labelledby=\"faq-45-alquiler-aparcamiento-y-devolucin-273\"><p>Si devuelves la bicicleta fuera de la zona permitida, se aplicar\u00e1 una penalizaci\u00f3n. Encontrar\u00e1 todas las sanciones en nuestras Condiciones Generales.<\/p>\n<\/div><h6 id=\"faq-45-alquiler-aparcamiento-y-devolucin-269\" class=\"faqs__accordion\" tabindex=\"0\" role=\"button\" aria-expanded=\"false\" aria-controls=\"faq-panel-45-alquiler-aparcamiento-y-devolucin-269\"><i role=\"presentation\" class=\"icon icon-plus\"><\/i>\u00bfQu\u00e9 hago si mi bicicleta presenta defectos?<\/h6><div id=\"faq-panel-45-alquiler-aparcamiento-y-devolucin-269\" class=\"faqs__panel\" role=\"region\" aria-labelledby=\"faq-45-alquiler-aparcamiento-y-devolucin-269\"><p>Los defectos de la bicicleta pueden ser f\u00e1cilmente reportados en la APP. Por favor revisa si la bicicleta tiene defectos ANTES de alquilar la bicicleta e inf\u00f3rmanos de cualquier da\u00f1o que la misma presente, para que pueda ser reparada lo m\u00e1s r\u00e1pido posible. Si ya has alquilado la bicicleta y detectas un fallo, termina el alquiler y llama a atenci\u00f3n al cliente.<\/p>\n<\/div><\/div><div class=\"ppi_col-xs-12 ppi_col-md-6 faqs__items__column\"><h6 id=\"faq-45-alquiler-aparcamiento-y-devolucin-280\" class=\"faqs__accordion\" tabindex=\"0\" role=\"button\" aria-expanded=\"false\" aria-controls=\"faq-panel-45-alquiler-aparcamiento-y-devolucin-280\"><i role=\"presentation\" class=\"icon icon-plus\"><\/i>\u00bfPuedo alquilar mi bicicleta en una ciudad y devolverla en otra?<\/h6><div id=\"faq-panel-45-alquiler-aparcamiento-y-devolucin-280\" class=\"faqs__panel\" role=\"region\" aria-labelledby=\"faq-45-alquiler-aparcamiento-y-devolucin-280\"><p>Si, actualmente disponemos de estaciones oficiales en Valencia donde puedes alquilar y devolver las bicicletas.<\/p>\n<\/div><h6 id=\"faq-45-alquiler-aparcamiento-y-devolucin-275\" class=\"faqs__accordion\" tabindex=\"0\" role=\"button\" aria-expanded=\"false\" aria-controls=\"faq-panel-45-alquiler-aparcamiento-y-devolucin-275\"><i role=\"presentation\" class=\"icon icon-plus\"><\/i>\u00bfPuedo aparcar mi bicicleta durante el alquiler?<\/h6><div id=\"faq-panel-45-alquiler-aparcamiento-y-devolucin-275\" class=\"faqs__panel\" role=\"region\" aria-labelledby=\"faq-45-alquiler-aparcamiento-y-devolucin-275\"><p>S\u00ed, se puede.<br \/>\nActiva el modo de aparcamiento en la aplicaci\u00f3n y luego cierra el candado (atenci\u00f3n: si cierras el candado antes de que se haya desactivado el modo de aparcamiento, la bicicleta ser\u00e1 devuelta inmediatamente). Para seguir pedaleando, finaliza el modo de aparcamiento en la aplicaci\u00f3n y el candado se abrir\u00e1 autom\u00e1ticamente. Nunca finalices el modo de aparcamiento desde lejos.<\/p>\n<\/div><h6 id=\"faq-45-alquiler-aparcamiento-y-devolucin-272\" class=\"faqs__accordion\" tabindex=\"0\" role=\"button\" aria-expanded=\"false\" aria-controls=\"faq-panel-45-alquiler-aparcamiento-y-devolucin-272\"><i role=\"presentation\" class=\"icon icon-plus\"><\/i>\u00bfC\u00f3mo reconozco una estaci\u00f3n oficial?<\/h6><div id=\"faq-panel-45-alquiler-aparcamiento-y-devolucin-272\" class=\"faqs__panel\" role=\"region\" aria-labelledby=\"faq-45-alquiler-aparcamiento-y-devolucin-272\"><p>Todas las estaciones est\u00e1n marcadas en la APP o en el sitio web con marcadores grandes (los marcadores peque\u00f1os indican bicicletas individuales). Tambi\u00e9n hay se\u00f1ales y terminales con el logo del servicio.<\/p>\n<\/div><h6 id=\"faq-45-alquiler-aparcamiento-y-devolucin-268\" class=\"faqs__accordion\" tabindex=\"0\" role=\"button\" aria-expanded=\"false\" aria-controls=\"faq-panel-45-alquiler-aparcamiento-y-devolucin-268\"><i role=\"presentation\" class=\"icon icon-plus\"><\/i>\u00bfD\u00f3nde puedo devolver la bicicleta?<\/h6><div id=\"faq-panel-45-alquiler-aparcamiento-y-devolucin-268\" class=\"faqs__panel\" role=\"region\" aria-labelledby=\"faq-45-alquiler-aparcamiento-y-devolucin-268\"><p>Devuelve tu bicicleta en una estaci\u00f3n oficial y cierra el candado Framelock. Puedes consultar donde se encuentran las estaciones oficiales en la APP. Si devuelves la bicicleta lejos del area permitida, se aplicar\u00e1 una penalizaci\u00f3n.<\/p>\n<\/div><\/div><\/div><div class=\"ppi_row faqs__items__row\"><div class=\"ppi_col-xs-12\"><h3>Nuestras bicicletas<\/h3><\/div><div class=\"ppi_col-xs-12 ppi_col-md-6 faqs__items__column\"><h6 id=\"faq-45-nuestras-bicicletas-284\" class=\"faqs__accordion\" tabindex=\"0\" role=\"button\" aria-expanded=\"false\" aria-controls=\"faq-panel-45-nuestras-bicicletas-284\"><i role=\"presentation\" class=\"icon icon-plus\"><\/i>\u00bfCu\u00e1l es la carga m\u00e1xima de las bicicletas?<\/h6><div id=\"faq-panel-45-nuestras-bicicletas-284\" class=\"faqs__panel\" role=\"region\" aria-labelledby=\"faq-45-nuestras-bicicletas-284\"><p>La carga m\u00e1xima de las bicicletas es de 100kg, de los cuales un m\u00e1ximo de 5kg pueden ser transportados en la cesta.<\/p>\n<\/div><\/div><div class=\"ppi_col-xs-12 ppi_col-md-6 faqs__items__column\"><\/div><\/div><div class=\"ppi_row faqs__items__row\"><div class=\"ppi_col-xs-12\"><h3>Tarifas y condiciones<\/h3><\/div><div class=\"ppi_col-xs-12 ppi_col-md-6 faqs__items__column\"><h6 id=\"faq-45-tarifas-y-condiciones-286\" class=\"faqs__accordion\" tabindex=\"0\" role=\"button\" aria-expanded=\"false\" aria-controls=\"faq-panel-45-tarifas-y-condiciones-286\"><i role=\"presentation\" class=\"icon icon-plus\"><\/i>\u00bfCu\u00e1nto cuesta BiciMislata?<\/h6><div id=\"faq-panel-45-tarifas-y-condiciones-286\" class=\"faqs__panel\" role=\"region\" aria-labelledby=\"faq-45-tarifas-y-condiciones-286\"><p>En Mislata, hay dos tipos de abono (ambos anuales):<\/p>\n<p>B\u00c1SICO ANUAL<br \/>\n12\u20ac\/A\u00d1O<br \/>\nEl tiempo de uso permitido con este abono es de m\u00e1ximo 30 minutos. Puedes retirar y devolver la bicicleta tantas veces como quieras.<\/p>\n<p>GENERAL ANUAL<br \/>\n18\u20ac\/A\u00d1O<br \/>\nEl tiempo de uso permitido con este abono es de m\u00e1ximo 2 horas. Puedes retirar y devolver la bicicleta tantas veces como quieras.<\/p>\n<\/div><\/div><div class=\"ppi_col-xs-12 ppi_col-md-6 faqs__items__column\"><\/div><\/div><\/div><\/div>[\/vc_column][\/vc_row][vc_row][vc_column width=\u00bb1\/3&#8243;][\/vc_column][vc_column width=\u00bb1\/3&#8243;][\/vc_column][vc_column width=\u00bb1\/3&#8243;][vc_column_text css=\u00bb.vc_custom_1676538338928{margin-bottom: -20px !important;}\u00bb]<strong>Socio oficial:<\/strong>[\/vc_column_text][vc_single_image image=\u00bb242&#8243; img_size=\u00bbmedium\u00bb][\/vc_column][\/vc_row]<\/p>\n<\/div>","protected":false},"excerpt":{"rendered":"<p>[vc_row ppi_row_padding=\u00bbppi_remove_padding_top\u00bb][vc_column][\/vc_column][\/vc_row][vc_row ppi_row_type=\u00bbppi_bg_black\u00bb full_width=\u00bbstretch_row\u00bb][vc_column][\/vc_column][\/vc_row][vc_row][vc_column width=\u00bb1\/3&#8243;][\/vc_column][vc_column width=\u00bb1\/3&#8243;][\/vc_column][vc_column width=\u00bb1\/3&#8243;][vc_column_text css=\u00bb.vc_custom_1676538338928{margin-bottom: -20px !important;}\u00bb]Socio oficial:[\/vc_column_text][vc_single_image image=\u00bb242&#8243; img_size=\u00bbmedium\u00bb][\/vc_column][\/vc_row]<\/p>\n","protected":false},"author":5,"featured_media":0,"parent":0,"menu_order":0,"comment_status":"closed","ping_status":"closed","template":"","meta":{"_acf_changed":false,"inline_featured_image":false,"footnotes":""},"class_list":["post-103","page","type-page","status-publish","hentry"],"acf":[],"yoast_head":"<!-- This site is optimized with the Yoast SEO plugin v27.2 - https:\/\/yoast.com\/product\/yoast-seo-wordpress\/ -->\n<title>Preguntas m\u00e1s frecuentes - BiciMislata<\/title>\n<meta name=\"robots\" content=\"index, follow, max-snippet:-1, max-image-preview:large, max-video-preview:-1\" \/>\n<link rel=\"canonical\" href=\"https:\/\/bicimislata.mibisivalencia.es\/es\/preguntas-mas-frecuentes\/\" \/>\n<meta property=\"og:locale\" content=\"es_ES\" \/>\n<meta property=\"og:type\" content=\"article\" \/>\n<meta property=\"og:title\" content=\"Preguntas m\u00e1s frecuentes - BiciMislata\" \/>\n<meta property=\"og:description\" content=\"[vc_row ppi_row_padding=\u00bbppi_remove_padding_top\u00bb][vc_column][\/vc_column][\/vc_row][vc_row ppi_row_type=\u00bbppi_bg_black\u00bb full_width=\u00bbstretch_row\u00bb][vc_column][\/vc_column][\/vc_row][vc_row][vc_column width=\u00bb1\/3&#8243;][\/vc_column][vc_column width=\u00bb1\/3&#8243;][\/vc_column][vc_column width=\u00bb1\/3&#8243;][vc_column_text css=\u00bb.vc_custom_1676538338928{margin-bottom: -20px !important;}\u00bb]Socio oficial:[\/vc_column_text][vc_single_image image=\u00bb242&#8243; img_size=\u00bbmedium\u00bb][\/vc_column][\/vc_row]\" \/>\n<meta property=\"og:url\" content=\"https:\/\/bicimislata.mibisivalencia.es\/es\/preguntas-mas-frecuentes\/\" \/>\n<meta property=\"og:site_name\" content=\"BiciMislata\" \/>\n<meta property=\"article:modified_time\" content=\"2023-02-16T09:11:01+00:00\" \/>\n<meta name=\"twitter:card\" content=\"summary_large_image\" \/>\n<meta name=\"twitter:label1\" content=\"Tiempo de lectura\" \/>\n\t<meta name=\"twitter:data1\" content=\"1 minuto\" \/>\n<script type=\"application\/ld+json\" class=\"yoast-schema-graph\">{\"@context\":\"https:\/\/schema.org\",\"@graph\":[{\"@type\":\"WebPage\",\"@id\":\"https:\/\/bicimislata.mibisivalencia.es\/es\/preguntas-mas-frecuentes\/\",\"url\":\"https:\/\/bicimislata.mibisivalencia.es\/es\/preguntas-mas-frecuentes\/\",\"name\":\"Preguntas m\u00e1s frecuentes - BiciMislata\",\"isPartOf\":{\"@id\":\"https:\/\/bicimislata.mibisivalencia.es\/es\/#website\"},\"datePublished\":\"2022-08-11T10:13:22+00:00\",\"dateModified\":\"2023-02-16T09:11:01+00:00\",\"breadcrumb\":{\"@id\":\"https:\/\/bicimislata.mibisivalencia.es\/es\/preguntas-mas-frecuentes\/#breadcrumb\"},\"inLanguage\":\"es\",\"potentialAction\":[{\"@type\":\"ReadAction\",\"target\":[\"https:\/\/bicimislata.mibisivalencia.es\/es\/preguntas-mas-frecuentes\/\"]}]},{\"@type\":\"BreadcrumbList\",\"@id\":\"https:\/\/bicimislata.mibisivalencia.es\/es\/preguntas-mas-frecuentes\/#breadcrumb\",\"itemListElement\":[{\"@type\":\"ListItem\",\"position\":1,\"name\":\"Startseite\",\"item\":\"https:\/\/bicimislata.mibisivalencia.es\/es\/\"},{\"@type\":\"ListItem\",\"position\":2,\"name\":\"Preguntas m\u00e1s frecuentes\"}]},{\"@type\":\"WebSite\",\"@id\":\"https:\/\/bicimislata.mibisivalencia.es\/es\/#website\",\"url\":\"https:\/\/bicimislata.mibisivalencia.es\/es\/\",\"name\":\"BiciMislata\",\"description\":\"Bicicletas compartidas en Mislata\",\"potentialAction\":[{\"@type\":\"SearchAction\",\"target\":{\"@type\":\"EntryPoint\",\"urlTemplate\":\"https:\/\/bicimislata.mibisivalencia.es\/es\/?s={search_term_string}\"},\"query-input\":{\"@type\":\"PropertyValueSpecification\",\"valueRequired\":true,\"valueName\":\"search_term_string\"}}],\"inLanguage\":\"es\"}]}<\/script>\n<!-- \/ Yoast SEO plugin. -->","yoast_head_json":{"title":"Preguntas m\u00e1s frecuentes - BiciMislata","robots":{"index":"index","follow":"follow","max-snippet":"max-snippet:-1","max-image-preview":"max-image-preview:large","max-video-preview":"max-video-preview:-1"},"canonical":"https:\/\/bicimislata.mibisivalencia.es\/es\/preguntas-mas-frecuentes\/","og_locale":"es_ES","og_type":"article","og_title":"Preguntas m\u00e1s frecuentes - BiciMislata","og_description":"[vc_row ppi_row_padding=\u00bbppi_remove_padding_top\u00bb][vc_column][\/vc_column][\/vc_row][vc_row ppi_row_type=\u00bbppi_bg_black\u00bb full_width=\u00bbstretch_row\u00bb][vc_column][\/vc_column][\/vc_row][vc_row][vc_column width=\u00bb1\/3&#8243;][\/vc_column][vc_column width=\u00bb1\/3&#8243;][\/vc_column][vc_column width=\u00bb1\/3&#8243;][vc_column_text css=\u00bb.vc_custom_1676538338928{margin-bottom: -20px !important;}\u00bb]Socio oficial:[\/vc_column_text][vc_single_image image=\u00bb242&#8243; img_size=\u00bbmedium\u00bb][\/vc_column][\/vc_row]","og_url":"https:\/\/bicimislata.mibisivalencia.es\/es\/preguntas-mas-frecuentes\/","og_site_name":"BiciMislata","article_modified_time":"2023-02-16T09:11:01+00:00","twitter_card":"summary_large_image","twitter_misc":{"Tiempo de lectura":"1 minuto"},"schema":{"@context":"https:\/\/schema.org","@graph":[{"@type":"WebPage","@id":"https:\/\/bicimislata.mibisivalencia.es\/es\/preguntas-mas-frecuentes\/","url":"https:\/\/bicimislata.mibisivalencia.es\/es\/preguntas-mas-frecuentes\/","name":"Preguntas m\u00e1s frecuentes - BiciMislata","isPartOf":{"@id":"https:\/\/bicimislata.mibisivalencia.es\/es\/#website"},"datePublished":"2022-08-11T10:13:22+00:00","dateModified":"2023-02-16T09:11:01+00:00","breadcrumb":{"@id":"https:\/\/bicimislata.mibisivalencia.es\/es\/preguntas-mas-frecuentes\/#breadcrumb"},"inLanguage":"es","potentialAction":[{"@type":"ReadAction","target":["https:\/\/bicimislata.mibisivalencia.es\/es\/preguntas-mas-frecuentes\/"]}]},{"@type":"BreadcrumbList","@id":"https:\/\/bicimislata.mibisivalencia.es\/es\/preguntas-mas-frecuentes\/#breadcrumb","itemListElement":[{"@type":"ListItem","position":1,"name":"Startseite","item":"https:\/\/bicimislata.mibisivalencia.es\/es\/"},{"@type":"ListItem","position":2,"name":"Preguntas m\u00e1s frecuentes"}]},{"@type":"WebSite","@id":"https:\/\/bicimislata.mibisivalencia.es\/es\/#website","url":"https:\/\/bicimislata.mibisivalencia.es\/es\/","name":"BiciMislata","description":"Bicicletas compartidas en Mislata","potentialAction":[{"@type":"SearchAction","target":{"@type":"EntryPoint","urlTemplate":"https:\/\/bicimislata.mibisivalencia.es\/es\/?s={search_term_string}"},"query-input":{"@type":"PropertyValueSpecification","valueRequired":true,"valueName":"search_term_string"}}],"inLanguage":"es"}]}},"_links":{"self":[{"href":"https:\/\/bicimislata.mibisivalencia.es\/es\/wp-json\/wp\/v2\/pages\/103","targetHints":{"allow":["GET"]}}],"collection":[{"href":"https:\/\/bicimislata.mibisivalencia.es\/es\/wp-json\/wp\/v2\/pages"}],"about":[{"href":"https:\/\/bicimislata.mibisivalencia.es\/es\/wp-json\/wp\/v2\/types\/page"}],"author":[{"embeddable":true,"href":"https:\/\/bicimislata.mibisivalencia.es\/es\/wp-json\/wp\/v2\/users\/5"}],"replies":[{"embeddable":true,"href":"https:\/\/bicimislata.mibisivalencia.es\/es\/wp-json\/wp\/v2\/comments?post=103"}],"version-history":[{"count":2,"href":"https:\/\/bicimislata.mibisivalencia.es\/es\/wp-json\/wp\/v2\/pages\/103\/revisions"}],"predecessor-version":[{"id":506,"href":"https:\/\/bicimislata.mibisivalencia.es\/es\/wp-json\/wp\/v2\/pages\/103\/revisions\/506"}],"wp:attachment":[{"href":"https:\/\/bicimislata.mibisivalencia.es\/es\/wp-json\/wp\/v2\/media?parent=103"}],"curies":[{"name":"wp","href":"https:\/\/api.w.org\/{rel}","templated":true}]}}