{"id":227,"date":"2023-01-17T09:42:29","date_gmt":"2023-01-17T08:42:29","guid":{"rendered":"https:\/\/nextbike-live.pluspol-networks.de\/mislata\/?page_id=227"},"modified":"2023-02-23T11:04:16","modified_gmt":"2023-02-23T10:04:16","slug":"registrarse","status":"publish","type":"page","link":"https:\/\/bicimislata.mibisivalencia.es\/es\/registrarse\/","title":{"rendered":"Alta en BiciMislata"},"content":{"rendered":"<div class=\"wpb-content-wrapper\"><p>[vc_row][vc_column][vc_column_text]<\/p>\n<h1>Alta en BiciMislata<\/h1>\n<ol>\n<li>Haz el pago del abono en las instalaciones del Ayuntamiento de Mislata. Qu\u00e9date el recibo.<\/li>\n<li>Acude al Centre Jove del Mercat o al Centre Jove Turia con DNI original y fotocopia del mismo tanto del menor como del<br \/>\npadre\/madre\/tutor y rellena un formulario de registro para j\u00f3venes de 14+ (los formularios ser\u00e1n facilitados en el Centre Jove)<\/li>\n<li>Un empleado te asesorar\u00e1 en la creaci\u00f3n la cuenta y validar\u00e1 el formulario de autorizaci\u00f3n.<\/li>\n<li>Recibir\u00e1s el PIN de acceso de 6 d\u00edgitos para tu cuenta de cliente a trav\u00e9s de un SMS en tu tel\u00e9fono m\u00f3vil.<\/li>\n<li>Ahora debes verificar tu cuenta. Para hacer esto, inicia sesi\u00f3n en tu cuenta de cliente a trav\u00e9s del sitio web <a href=\"http:\/\/bicimislata.mibisivalencia.es\">bicimislata.mibisivalencia.es<\/a>\u00a0o la aplicaci\u00f3n nextbike.<\/li>\n<li>Despu\u00e9s de verificar tu cuenta, nextbike activar\u00e1 tu cuenta y podr\u00e1s comenzar<\/li>\n<\/ol>\n<p>[\/vc_column_text][\/vc_column][\/vc_row][vc_row][vc_column][vc_column_text]<\/p>\n<h3 style=\"text-align: center;\">Acceda a su cuenta de cliente<\/h3>\n<p>&nbsp;<\/p>\n<p><nb-customer-account\n            nb-api-key='JsjVJ1o67G5bRSmu'\n            nb-brand='ad'\n            nb-api-base-url='https:\/\/api.nextbike.net\/'\n            nb-language='es'\n        ><\/nb-customer-account>[\/vc_column_text][\/vc_column][\/vc_row][vc_row][vc_column width=\u00bb1\/3&#8243;][\/vc_column][vc_column width=\u00bb1\/3&#8243;][\/vc_column][vc_column width=\u00bb1\/3&#8243;][vc_column_text css=\u00bb.vc_custom_1676538338928{margin-bottom: -20px !important;}\u00bb]<strong>Socio oficial:<\/strong>[\/vc_column_text][vc_single_image image=\u00bb242&#8243; img_size=\u00bbmedium\u00bb][\/vc_column][\/vc_row]<\/p>\n<\/div>","protected":false},"excerpt":{"rendered":"<p>[vc_row][vc_column][vc_column_text] Alta en BiciMislata Haz el pago del abono en las instalaciones del Ayuntamiento de Mislata. Qu\u00e9date el recibo. Acude al Centre Jove del Mercat o al Centre Jove Turia con DNI original y fotocopia del mismo tanto del menor como del padre\/madre\/tutor y rellena un formulario de registro para j\u00f3venes de 14+ (los formularios [&hellip;]<\/p>\n","protected":false},"author":13,"featured_media":0,"parent":0,"menu_order":0,"comment_status":"closed","ping_status":"closed","template":"page-bubble.php","meta":{"_acf_changed":false,"inline_featured_image":false,"footnotes":""},"class_list":["post-227","page","type-page","status-publish","hentry"],"acf":[],"yoast_head":"<!-- This site is optimized with the Yoast SEO plugin v27.2 - https:\/\/yoast.com\/product\/yoast-seo-wordpress\/ -->\n<title>Alta en BiciMislata - BiciMislata<\/title>\n<meta name=\"robots\" content=\"index, follow, max-snippet:-1, max-image-preview:large, max-video-preview:-1\" \/>\n<link rel=\"canonical\" href=\"https:\/\/bicimislata.mibisivalencia.es\/es\/registrarse\/\" \/>\n<meta property=\"og:locale\" content=\"es_ES\" \/>\n<meta property=\"og:type\" content=\"article\" \/>\n<meta property=\"og:title\" content=\"Alta en BiciMislata - BiciMislata\" \/>\n<meta property=\"og:description\" content=\"[vc_row][vc_column][vc_column_text] Alta en BiciMislata Haz el pago del abono en las instalaciones del Ayuntamiento de Mislata. Qu\u00e9date el recibo. Acude al Centre Jove del Mercat o al Centre Jove Turia con DNI original y fotocopia del mismo tanto del menor como del padre\/madre\/tutor y rellena un formulario de registro para j\u00f3venes de 14+ (los formularios [&hellip;]\" \/>\n<meta property=\"og:url\" content=\"https:\/\/bicimislata.mibisivalencia.es\/es\/registrarse\/\" \/>\n<meta property=\"og:site_name\" content=\"BiciMislata\" \/>\n<meta property=\"article:modified_time\" content=\"2023-02-23T10:04:16+00:00\" \/>\n<meta name=\"twitter:card\" content=\"summary_large_image\" \/>\n<meta name=\"twitter:label1\" content=\"Tiempo de lectura\" \/>\n\t<meta name=\"twitter:data1\" content=\"1 minuto\" \/>\n<script type=\"application\/ld+json\" class=\"yoast-schema-graph\">{\"@context\":\"https:\/\/schema.org\",\"@graph\":[{\"@type\":\"WebPage\",\"@id\":\"https:\/\/bicimislata.mibisivalencia.es\/es\/registrarse\/\",\"url\":\"https:\/\/bicimislata.mibisivalencia.es\/es\/registrarse\/\",\"name\":\"Alta en BiciMislata - BiciMislata\",\"isPartOf\":{\"@id\":\"https:\/\/bicimislata.mibisivalencia.es\/es\/#website\"},\"datePublished\":\"2023-01-17T08:42:29+00:00\",\"dateModified\":\"2023-02-23T10:04:16+00:00\",\"breadcrumb\":{\"@id\":\"https:\/\/bicimislata.mibisivalencia.es\/es\/registrarse\/#breadcrumb\"},\"inLanguage\":\"es\",\"potentialAction\":[{\"@type\":\"ReadAction\",\"target\":[\"https:\/\/bicimislata.mibisivalencia.es\/es\/registrarse\/\"]}]},{\"@type\":\"BreadcrumbList\",\"@id\":\"https:\/\/bicimislata.mibisivalencia.es\/es\/registrarse\/#breadcrumb\",\"itemListElement\":[{\"@type\":\"ListItem\",\"position\":1,\"name\":\"Startseite\",\"item\":\"https:\/\/bicimislata.mibisivalencia.es\/es\/\"},{\"@type\":\"ListItem\",\"position\":2,\"name\":\"Alta en BiciMislata\"}]},{\"@type\":\"WebSite\",\"@id\":\"https:\/\/bicimislata.mibisivalencia.es\/es\/#website\",\"url\":\"https:\/\/bicimislata.mibisivalencia.es\/es\/\",\"name\":\"BiciMislata\",\"description\":\"Bicicletas compartidas en Mislata\",\"potentialAction\":[{\"@type\":\"SearchAction\",\"target\":{\"@type\":\"EntryPoint\",\"urlTemplate\":\"https:\/\/bicimislata.mibisivalencia.es\/es\/?s={search_term_string}\"},\"query-input\":{\"@type\":\"PropertyValueSpecification\",\"valueRequired\":true,\"valueName\":\"search_term_string\"}}],\"inLanguage\":\"es\"}]}<\/script>\n<!-- \/ Yoast SEO plugin. -->","yoast_head_json":{"title":"Alta en BiciMislata - BiciMislata","robots":{"index":"index","follow":"follow","max-snippet":"max-snippet:-1","max-image-preview":"max-image-preview:large","max-video-preview":"max-video-preview:-1"},"canonical":"https:\/\/bicimislata.mibisivalencia.es\/es\/registrarse\/","og_locale":"es_ES","og_type":"article","og_title":"Alta en BiciMislata - BiciMislata","og_description":"[vc_row][vc_column][vc_column_text] Alta en BiciMislata Haz el pago del abono en las instalaciones del Ayuntamiento de Mislata. Qu\u00e9date el recibo. Acude al Centre Jove del Mercat o al Centre Jove Turia con DNI original y fotocopia del mismo tanto del menor como del padre\/madre\/tutor y rellena un formulario de registro para j\u00f3venes de 14+ (los formularios [&hellip;]","og_url":"https:\/\/bicimislata.mibisivalencia.es\/es\/registrarse\/","og_site_name":"BiciMislata","article_modified_time":"2023-02-23T10:04:16+00:00","twitter_card":"summary_large_image","twitter_misc":{"Tiempo de lectura":"1 minuto"},"schema":{"@context":"https:\/\/schema.org","@graph":[{"@type":"WebPage","@id":"https:\/\/bicimislata.mibisivalencia.es\/es\/registrarse\/","url":"https:\/\/bicimislata.mibisivalencia.es\/es\/registrarse\/","name":"Alta en BiciMislata - BiciMislata","isPartOf":{"@id":"https:\/\/bicimislata.mibisivalencia.es\/es\/#website"},"datePublished":"2023-01-17T08:42:29+00:00","dateModified":"2023-02-23T10:04:16+00:00","breadcrumb":{"@id":"https:\/\/bicimislata.mibisivalencia.es\/es\/registrarse\/#breadcrumb"},"inLanguage":"es","potentialAction":[{"@type":"ReadAction","target":["https:\/\/bicimislata.mibisivalencia.es\/es\/registrarse\/"]}]},{"@type":"BreadcrumbList","@id":"https:\/\/bicimislata.mibisivalencia.es\/es\/registrarse\/#breadcrumb","itemListElement":[{"@type":"ListItem","position":1,"name":"Startseite","item":"https:\/\/bicimislata.mibisivalencia.es\/es\/"},{"@type":"ListItem","position":2,"name":"Alta en BiciMislata"}]},{"@type":"WebSite","@id":"https:\/\/bicimislata.mibisivalencia.es\/es\/#website","url":"https:\/\/bicimislata.mibisivalencia.es\/es\/","name":"BiciMislata","description":"Bicicletas compartidas en Mislata","potentialAction":[{"@type":"SearchAction","target":{"@type":"EntryPoint","urlTemplate":"https:\/\/bicimislata.mibisivalencia.es\/es\/?s={search_term_string}"},"query-input":{"@type":"PropertyValueSpecification","valueRequired":true,"valueName":"search_term_string"}}],"inLanguage":"es"}]}},"_links":{"self":[{"href":"https:\/\/bicimislata.mibisivalencia.es\/es\/wp-json\/wp\/v2\/pages\/227","targetHints":{"allow":["GET"]}}],"collection":[{"href":"https:\/\/bicimislata.mibisivalencia.es\/es\/wp-json\/wp\/v2\/pages"}],"about":[{"href":"https:\/\/bicimislata.mibisivalencia.es\/es\/wp-json\/wp\/v2\/types\/page"}],"author":[{"embeddable":true,"href":"https:\/\/bicimislata.mibisivalencia.es\/es\/wp-json\/wp\/v2\/users\/13"}],"replies":[{"embeddable":true,"href":"https:\/\/bicimislata.mibisivalencia.es\/es\/wp-json\/wp\/v2\/comments?post=227"}],"version-history":[{"count":11,"href":"https:\/\/bicimislata.mibisivalencia.es\/es\/wp-json\/wp\/v2\/pages\/227\/revisions"}],"predecessor-version":[{"id":541,"href":"https:\/\/bicimislata.mibisivalencia.es\/es\/wp-json\/wp\/v2\/pages\/227\/revisions\/541"}],"wp:attachment":[{"href":"https:\/\/bicimislata.mibisivalencia.es\/es\/wp-json\/wp\/v2\/media?parent=227"}],"curies":[{"name":"wp","href":"https:\/\/api.w.org\/{rel}","templated":true}]}}