{"id":97,"date":"2022-11-15T07:57:06","date_gmt":"2022-11-15T06:57:06","guid":{"rendered":"https:\/\/nextbike-live.pluspol-networks.de\/bicimislata\/widerrufsbelehrung\/"},"modified":"2023-02-16T10:09:42","modified_gmt":"2023-02-16T09:09:42","slug":"derecho-de-desistimiento","status":"publish","type":"page","link":"https:\/\/bicimislata.mibisivalencia.es\/es\/derecho-de-desistimiento\/","title":{"rendered":"Derecho de desistimiento"},"content":{"rendered":"<div class=\"wpb-content-wrapper\"><p>[vc_row][vc_column][vc_column_text]<h1>Instrucciones para ejercer el derecho de desistimiento<\/h1>\n<p><strong>Derecho de desistimiento<\/strong><\/p>\n<p>Tiene derecho a desistir de este contrato en un plazo de 14 d\u00edas sin necesidad de justificaci\u00f3n si no ha hecho uso del servicio en absoluto.<br \/>\nSi al contratar el servicio, el usuario utiliza el mismo, perder\u00e1 el derecho de desistimiento autom\u00e1ticamente y no tendr\u00e1 derecho a devoluci\u00f3n.<br \/>\nEl plazo de desistimiento expirar\u00e1 a los 14 d\u00edas desde el d\u00eda de la celebraci\u00f3n del contrato.<\/p>\n<p>Para ejercer el derecho de desistimiento, debe informarnos (Movilidad Urbana Sostenible SL, Calle Many\u00e0, Pol. Empresarial T\u00e1ctica, Paterna, Valencia &#8211; info@mibisivalencia.es &#8211; 662 36 01 85 &#8211; 96 111 15 75) de su decisi\u00f3n de retirarse de este contrato mediante una declaraci\u00f3n inequ\u00edvoca (por ejemplo, una carta enviada por correo postal, fax o correo electr\u00f3nico). Puedes usar el adjunto modelo de formulario de desistimiento, pero no es obligatorio.<br \/>\nPara cumplir con el plazo de desistimiento, es suficiente que env\u00ede su comunicaci\u00f3n relativa a su ejercicio del derecho de desistimiento antes de que finalice el plazo de<br \/>\ndesistimiento.<\/p>\n<p><strong>Efectos de desistimiento<\/strong><\/p>\n<p>Si se retira de este contrato, le reembolsaremos todos los pagos recibidos de usted, sin indebida demora y, en cualquier caso, a m\u00e1s tardar 14 d\u00edas a partir del d\u00eda en que<br \/>\nse nos informa sobre su decisi\u00f3n de desistir de este contrato. Realizaremos dicho reembolso utilizando los mismos medios de pago que us\u00f3 para la transacci\u00f3n inicial, a menos que haya acordado expresamente lo contrario; en cualquier evento, no incurrir\u00e1 en ninguna tarifa como resultado de dicho reembolso. Si solicit\u00f3 el reembolso ejerciendo el derecho de desistimiento despu\u00e9s de haber realizado uso del servicio, no tendr\u00e1 derecho a reembolso ni desistimiento del contrato.<\/p>\n<a aria-label=\"Se abre en una nueva pesta\u00f1a\" href=\"https:\/\/bicimislata.mibisivalencia.es\/wp-content\/uploads\/sites\/45\/2023\/01\/BiciMislata-DERECHO-DE-DESISTIMIENTO-2023.pdf\" target=\"_blank\" class=\"ppi_withdrawal_download_link\"><strong>Descargue aqu\u00ed un modelo de formulario de cancelaci\u00f3n.<\/strong><\/a>[\/vc_column_text][\/vc_column][\/vc_row][vc_row][vc_column width=\u00bb1\/3&#8243;][\/vc_column][vc_column width=\u00bb1\/3&#8243;][\/vc_column][vc_column width=\u00bb1\/3&#8243;][vc_column_text css=\u00bb.vc_custom_1676538338928{margin-bottom: -20px !important;}\u00bb]<strong>Socio oficial:<\/strong>[\/vc_column_text][vc_single_image image=\u00bb242&#8243; img_size=\u00bbmedium\u00bb][\/vc_column][\/vc_row]<\/p>\n<\/div>","protected":false},"excerpt":{"rendered":"<p>[vc_row][vc_column][vc_column_text][\/vc_column_text][\/vc_column][\/vc_row][vc_row][vc_column width=\u00bb1\/3&#8243;][\/vc_column][vc_column width=\u00bb1\/3&#8243;][\/vc_column][vc_column width=\u00bb1\/3&#8243;][vc_column_text css=\u00bb.vc_custom_1676538338928{margin-bottom: -20px !important;}\u00bb]Socio oficial:[\/vc_column_text][vc_single_image image=\u00bb242&#8243; img_size=\u00bbmedium\u00bb][\/vc_column][\/vc_row]<\/p>\n","protected":false},"author":5,"featured_media":0,"parent":0,"menu_order":0,"comment_status":"closed","ping_status":"closed","template":"","meta":{"_acf_changed":false,"inline_featured_image":false,"footnotes":""},"class_list":["post-97","page","type-page","status-publish","hentry"],"acf":[],"yoast_head":"<!-- This site is optimized with the Yoast SEO plugin v27.2 - https:\/\/yoast.com\/product\/yoast-seo-wordpress\/ -->\n<title>Derecho de desistimiento - BiciMislata<\/title>\n<meta name=\"robots\" content=\"index, follow, max-snippet:-1, max-image-preview:large, max-video-preview:-1\" \/>\n<link rel=\"canonical\" href=\"https:\/\/bicimislata.mibisivalencia.es\/es\/derecho-de-desistimiento\/\" \/>\n<meta property=\"og:locale\" content=\"es_ES\" \/>\n<meta property=\"og:type\" content=\"article\" \/>\n<meta property=\"og:title\" content=\"Derecho de desistimiento - BiciMislata\" \/>\n<meta property=\"og:description\" content=\"[vc_row][vc_column][vc_column_text][\/vc_column_text][\/vc_column][\/vc_row][vc_row][vc_column width=\u00bb1\/3&#8243;][\/vc_column][vc_column width=\u00bb1\/3&#8243;][\/vc_column][vc_column width=\u00bb1\/3&#8243;][vc_column_text css=\u00bb.vc_custom_1676538338928{margin-bottom: -20px !important;}\u00bb]Socio oficial:[\/vc_column_text][vc_single_image image=\u00bb242&#8243; img_size=\u00bbmedium\u00bb][\/vc_column][\/vc_row]\" \/>\n<meta property=\"og:url\" content=\"https:\/\/bicimislata.mibisivalencia.es\/es\/derecho-de-desistimiento\/\" \/>\n<meta property=\"og:site_name\" content=\"BiciMislata\" \/>\n<meta property=\"article:modified_time\" content=\"2023-02-16T09:09:42+00:00\" \/>\n<meta name=\"twitter:card\" content=\"summary_large_image\" \/>\n<meta name=\"twitter:label1\" content=\"Tiempo de lectura\" \/>\n\t<meta name=\"twitter:data1\" content=\"1 minuto\" \/>\n<script type=\"application\/ld+json\" class=\"yoast-schema-graph\">{\"@context\":\"https:\/\/schema.org\",\"@graph\":[{\"@type\":\"WebPage\",\"@id\":\"https:\/\/bicimislata.mibisivalencia.es\/es\/derecho-de-desistimiento\/\",\"url\":\"https:\/\/bicimislata.mibisivalencia.es\/es\/derecho-de-desistimiento\/\",\"name\":\"Derecho de desistimiento - BiciMislata\",\"isPartOf\":{\"@id\":\"https:\/\/bicimislata.mibisivalencia.es\/es\/#website\"},\"datePublished\":\"2022-11-15T06:57:06+00:00\",\"dateModified\":\"2023-02-16T09:09:42+00:00\",\"breadcrumb\":{\"@id\":\"https:\/\/bicimislata.mibisivalencia.es\/es\/derecho-de-desistimiento\/#breadcrumb\"},\"inLanguage\":\"es\",\"potentialAction\":[{\"@type\":\"ReadAction\",\"target\":[\"https:\/\/bicimislata.mibisivalencia.es\/es\/derecho-de-desistimiento\/\"]}]},{\"@type\":\"BreadcrumbList\",\"@id\":\"https:\/\/bicimislata.mibisivalencia.es\/es\/derecho-de-desistimiento\/#breadcrumb\",\"itemListElement\":[{\"@type\":\"ListItem\",\"position\":1,\"name\":\"Startseite\",\"item\":\"https:\/\/bicimislata.mibisivalencia.es\/es\/\"},{\"@type\":\"ListItem\",\"position\":2,\"name\":\"Derecho de desistimiento\"}]},{\"@type\":\"WebSite\",\"@id\":\"https:\/\/bicimislata.mibisivalencia.es\/es\/#website\",\"url\":\"https:\/\/bicimislata.mibisivalencia.es\/es\/\",\"name\":\"BiciMislata\",\"description\":\"Bicicletas compartidas en Mislata\",\"potentialAction\":[{\"@type\":\"SearchAction\",\"target\":{\"@type\":\"EntryPoint\",\"urlTemplate\":\"https:\/\/bicimislata.mibisivalencia.es\/es\/?s={search_term_string}\"},\"query-input\":{\"@type\":\"PropertyValueSpecification\",\"valueRequired\":true,\"valueName\":\"search_term_string\"}}],\"inLanguage\":\"es\"}]}<\/script>\n<!-- \/ Yoast SEO plugin. -->","yoast_head_json":{"title":"Derecho de desistimiento - BiciMislata","robots":{"index":"index","follow":"follow","max-snippet":"max-snippet:-1","max-image-preview":"max-image-preview:large","max-video-preview":"max-video-preview:-1"},"canonical":"https:\/\/bicimislata.mibisivalencia.es\/es\/derecho-de-desistimiento\/","og_locale":"es_ES","og_type":"article","og_title":"Derecho de desistimiento - BiciMislata","og_description":"[vc_row][vc_column][vc_column_text][\/vc_column_text][\/vc_column][\/vc_row][vc_row][vc_column width=\u00bb1\/3&#8243;][\/vc_column][vc_column width=\u00bb1\/3&#8243;][\/vc_column][vc_column width=\u00bb1\/3&#8243;][vc_column_text css=\u00bb.vc_custom_1676538338928{margin-bottom: -20px !important;}\u00bb]Socio oficial:[\/vc_column_text][vc_single_image image=\u00bb242&#8243; img_size=\u00bbmedium\u00bb][\/vc_column][\/vc_row]","og_url":"https:\/\/bicimislata.mibisivalencia.es\/es\/derecho-de-desistimiento\/","og_site_name":"BiciMislata","article_modified_time":"2023-02-16T09:09:42+00:00","twitter_card":"summary_large_image","twitter_misc":{"Tiempo de lectura":"1 minuto"},"schema":{"@context":"https:\/\/schema.org","@graph":[{"@type":"WebPage","@id":"https:\/\/bicimislata.mibisivalencia.es\/es\/derecho-de-desistimiento\/","url":"https:\/\/bicimislata.mibisivalencia.es\/es\/derecho-de-desistimiento\/","name":"Derecho de desistimiento - BiciMislata","isPartOf":{"@id":"https:\/\/bicimislata.mibisivalencia.es\/es\/#website"},"datePublished":"2022-11-15T06:57:06+00:00","dateModified":"2023-02-16T09:09:42+00:00","breadcrumb":{"@id":"https:\/\/bicimislata.mibisivalencia.es\/es\/derecho-de-desistimiento\/#breadcrumb"},"inLanguage":"es","potentialAction":[{"@type":"ReadAction","target":["https:\/\/bicimislata.mibisivalencia.es\/es\/derecho-de-desistimiento\/"]}]},{"@type":"BreadcrumbList","@id":"https:\/\/bicimislata.mibisivalencia.es\/es\/derecho-de-desistimiento\/#breadcrumb","itemListElement":[{"@type":"ListItem","position":1,"name":"Startseite","item":"https:\/\/bicimislata.mibisivalencia.es\/es\/"},{"@type":"ListItem","position":2,"name":"Derecho de desistimiento"}]},{"@type":"WebSite","@id":"https:\/\/bicimislata.mibisivalencia.es\/es\/#website","url":"https:\/\/bicimislata.mibisivalencia.es\/es\/","name":"BiciMislata","description":"Bicicletas compartidas en Mislata","potentialAction":[{"@type":"SearchAction","target":{"@type":"EntryPoint","urlTemplate":"https:\/\/bicimislata.mibisivalencia.es\/es\/?s={search_term_string}"},"query-input":{"@type":"PropertyValueSpecification","valueRequired":true,"valueName":"search_term_string"}}],"inLanguage":"es"}]}},"_links":{"self":[{"href":"https:\/\/bicimislata.mibisivalencia.es\/es\/wp-json\/wp\/v2\/pages\/97","targetHints":{"allow":["GET"]}}],"collection":[{"href":"https:\/\/bicimislata.mibisivalencia.es\/es\/wp-json\/wp\/v2\/pages"}],"about":[{"href":"https:\/\/bicimislata.mibisivalencia.es\/es\/wp-json\/wp\/v2\/types\/page"}],"author":[{"embeddable":true,"href":"https:\/\/bicimislata.mibisivalencia.es\/es\/wp-json\/wp\/v2\/users\/5"}],"replies":[{"embeddable":true,"href":"https:\/\/bicimislata.mibisivalencia.es\/es\/wp-json\/wp\/v2\/comments?post=97"}],"version-history":[{"count":4,"href":"https:\/\/bicimislata.mibisivalencia.es\/es\/wp-json\/wp\/v2\/pages\/97\/revisions"}],"predecessor-version":[{"id":499,"href":"https:\/\/bicimislata.mibisivalencia.es\/es\/wp-json\/wp\/v2\/pages\/97\/revisions\/499"}],"wp:attachment":[{"href":"https:\/\/bicimislata.mibisivalencia.es\/es\/wp-json\/wp\/v2\/media?parent=97"}],"curies":[{"name":"wp","href":"https:\/\/api.w.org\/{rel}","templated":true}]}}