{"id":364,"date":"2023-01-17T09:42:29","date_gmt":"2023-01-17T08:42:29","guid":{"rendered":"https:\/\/nextbike-live.pluspol-networks.de\/mislata\/alta-en-bicimislata\/"},"modified":"2023-02-16T10:23:48","modified_gmt":"2023-02-16T09:23:48","slug":"registre","status":"publish","type":"page","link":"https:\/\/bicimislata.mibisivalencia.es\/va\/registre\/","title":{"rendered":"Inici sessi\u00f3 \/ Registre"},"content":{"rendered":"<div class=\"wpb-content-wrapper\"><p>[vc_row][vc_column][vc_column_text]<\/p>\n<h1>Alta en BiciMislata<\/h1>\n<ol>\n<li>Fes el pagament de l\u2019abonament en les instal\u00b7lacions<\/li>\n<li>Acudeix al Centre Jove del Mercat o al Centre Jove Turia amb DNI original y fotoc\u00f2pia del mateix, punt del menor com del<br \/>\npare\/mare\/tutor i emplena un formulari de registre per a joves de 14+ (els formularis seran facilitats en el Centre Jove).<\/li>\n<li>Un empleat t\u2019assessorar\u00e0 en la creaci\u00f3 del compte i validar\u00e0 el formulari d\u2019autoritzaci\u00f3.<\/li>\n<li>Rebr\u00e0s el PIN d\u2019acc\u00e9s de 6 d\u00edgits per al teu compte de lcient a trav\u00e9s d\u2019un SMS en el teu tel\u00e9fon m\u00f3bil.<\/li>\n<li>Ara has de verificar el teu compte. Per a fer aix\u00f2, inicia sessi\u00f3 en el teu compte de client a trav\u00e9s del lloc web <a href=\"http:\/\/bicimislata.mibisivalencia.es\">bicimislata.mibisivalencia.es<\/a>\u00a0o l\u2019aplicaci\u00f3 nextbike by TIER.<\/li>\n<li>Despr\u00e9s de verificar el teu compte, nextbike activar\u00e0 el teu compte i podr\u00e0s comen\u00e7ar.<\/li>\n<\/ol>\n<p>[\/vc_column_text][\/vc_column][\/vc_row][vc_row][vc_column width=&#8221;1\/3&#8243;][\/vc_column][vc_column width=&#8221;1\/3&#8243;][\/vc_column][vc_column width=&#8221;1\/3&#8243;][vc_column_text css=&#8221;.vc_custom_1676539069730{margin-bottom: -20px !important;}&#8221;]<strong>Soci oficial:<\/strong>[\/vc_column_text][vc_single_image image=&#8221;377&#8243; img_size=&#8221;medium&#8221;][\/vc_column][\/vc_row]<\/p>\n<\/div>","protected":false},"excerpt":{"rendered":"<p>[vc_row][vc_column][vc_column_text] Alta en BiciMislata Fes el pagament de l\u2019abonament en les instal\u00b7lacions Acudeix al Centre Jove del Mercat o al Centre Jove Turia amb DNI original y fotoc\u00f2pia del mateix, punt del menor com del pare\/mare\/tutor i emplena un formulari de registre per a joves de 14+ (els formularis seran facilitats en el Centre Jove). [&hellip;]<\/p>\n","protected":false},"author":13,"featured_media":0,"parent":0,"menu_order":0,"comment_status":"closed","ping_status":"closed","template":"page-bubble.php","meta":{"_acf_changed":false,"inline_featured_image":false,"footnotes":""},"class_list":["post-364","page","type-page","status-publish","hentry"],"acf":[],"yoast_head":"<!-- This site is optimized with the Yoast SEO plugin v27.2 - https:\/\/yoast.com\/product\/yoast-seo-wordpress\/ -->\n<title>Inici sessi\u00f3 \/ Registre - BiciMislata<\/title>\n<meta name=\"robots\" content=\"index, follow, max-snippet:-1, max-image-preview:large, max-video-preview:-1\" \/>\n<link rel=\"canonical\" href=\"https:\/\/bicimislata.mibisivalencia.es\/va\/registre\/\" \/>\n<meta property=\"og:locale\" content=\"en_US\" \/>\n<meta property=\"og:type\" content=\"article\" \/>\n<meta property=\"og:title\" content=\"Inici sessi\u00f3 \/ Registre - BiciMislata\" \/>\n<meta property=\"og:description\" content=\"[vc_row][vc_column][vc_column_text] Alta en BiciMislata Fes el pagament de l\u2019abonament en les instal\u00b7lacions Acudeix al Centre Jove del Mercat o al Centre Jove Turia amb DNI original y fotoc\u00f2pia del mateix, punt del menor com del pare\/mare\/tutor i emplena un formulari de registre per a joves de 14+ (els formularis seran facilitats en el Centre Jove). [&hellip;]\" \/>\n<meta property=\"og:url\" content=\"https:\/\/bicimislata.mibisivalencia.es\/va\/registre\/\" \/>\n<meta property=\"og:site_name\" content=\"BiciMislata\" \/>\n<meta property=\"article:modified_time\" content=\"2023-02-16T09:23:48+00:00\" \/>\n<meta name=\"twitter:card\" content=\"summary_large_image\" \/>\n<meta name=\"twitter:label1\" content=\"Est. reading time\" \/>\n\t<meta name=\"twitter:data1\" content=\"1 minute\" \/>\n<script type=\"application\/ld+json\" class=\"yoast-schema-graph\">{\"@context\":\"https:\/\/schema.org\",\"@graph\":[{\"@type\":\"WebPage\",\"@id\":\"https:\/\/bicimislata.mibisivalencia.es\/va\/registre\/\",\"url\":\"https:\/\/bicimislata.mibisivalencia.es\/va\/registre\/\",\"name\":\"Inici sessi\u00f3 \/ Registre - BiciMislata\",\"isPartOf\":{\"@id\":\"https:\/\/bicimislata.mibisivalencia.es\/va\/#website\"},\"datePublished\":\"2023-01-17T08:42:29+00:00\",\"dateModified\":\"2023-02-16T09:23:48+00:00\",\"breadcrumb\":{\"@id\":\"https:\/\/bicimislata.mibisivalencia.es\/va\/registre\/#breadcrumb\"},\"inLanguage\":\"va-ES\",\"potentialAction\":[{\"@type\":\"ReadAction\",\"target\":[\"https:\/\/bicimislata.mibisivalencia.es\/va\/registre\/\"]}]},{\"@type\":\"BreadcrumbList\",\"@id\":\"https:\/\/bicimislata.mibisivalencia.es\/va\/registre\/#breadcrumb\",\"itemListElement\":[{\"@type\":\"ListItem\",\"position\":1,\"name\":\"Startseite\",\"item\":\"https:\/\/bicimislata.mibisivalencia.es\/va\/\"},{\"@type\":\"ListItem\",\"position\":2,\"name\":\"Inici sessi\u00f3 \/ Registre\"}]},{\"@type\":\"WebSite\",\"@id\":\"https:\/\/bicimislata.mibisivalencia.es\/va\/#website\",\"url\":\"https:\/\/bicimislata.mibisivalencia.es\/va\/\",\"name\":\"BiciMislata\",\"description\":\"Bicicletas compartidas en Mislata\",\"potentialAction\":[{\"@type\":\"SearchAction\",\"target\":{\"@type\":\"EntryPoint\",\"urlTemplate\":\"https:\/\/bicimislata.mibisivalencia.es\/va\/?s={search_term_string}\"},\"query-input\":{\"@type\":\"PropertyValueSpecification\",\"valueRequired\":true,\"valueName\":\"search_term_string\"}}],\"inLanguage\":\"va-ES\"}]}<\/script>\n<!-- \/ Yoast SEO plugin. -->","yoast_head_json":{"title":"Inici sessi\u00f3 \/ Registre - BiciMislata","robots":{"index":"index","follow":"follow","max-snippet":"max-snippet:-1","max-image-preview":"max-image-preview:large","max-video-preview":"max-video-preview:-1"},"canonical":"https:\/\/bicimislata.mibisivalencia.es\/va\/registre\/","og_locale":"en_US","og_type":"article","og_title":"Inici sessi\u00f3 \/ Registre - BiciMislata","og_description":"[vc_row][vc_column][vc_column_text] Alta en BiciMislata Fes el pagament de l\u2019abonament en les instal\u00b7lacions Acudeix al Centre Jove del Mercat o al Centre Jove Turia amb DNI original y fotoc\u00f2pia del mateix, punt del menor com del pare\/mare\/tutor i emplena un formulari de registre per a joves de 14+ (els formularis seran facilitats en el Centre Jove). [&hellip;]","og_url":"https:\/\/bicimislata.mibisivalencia.es\/va\/registre\/","og_site_name":"BiciMislata","article_modified_time":"2023-02-16T09:23:48+00:00","twitter_card":"summary_large_image","twitter_misc":{"Est. reading time":"1 minute"},"schema":{"@context":"https:\/\/schema.org","@graph":[{"@type":"WebPage","@id":"https:\/\/bicimislata.mibisivalencia.es\/va\/registre\/","url":"https:\/\/bicimislata.mibisivalencia.es\/va\/registre\/","name":"Inici sessi\u00f3 \/ Registre - BiciMislata","isPartOf":{"@id":"https:\/\/bicimislata.mibisivalencia.es\/va\/#website"},"datePublished":"2023-01-17T08:42:29+00:00","dateModified":"2023-02-16T09:23:48+00:00","breadcrumb":{"@id":"https:\/\/bicimislata.mibisivalencia.es\/va\/registre\/#breadcrumb"},"inLanguage":"va-ES","potentialAction":[{"@type":"ReadAction","target":["https:\/\/bicimislata.mibisivalencia.es\/va\/registre\/"]}]},{"@type":"BreadcrumbList","@id":"https:\/\/bicimislata.mibisivalencia.es\/va\/registre\/#breadcrumb","itemListElement":[{"@type":"ListItem","position":1,"name":"Startseite","item":"https:\/\/bicimislata.mibisivalencia.es\/va\/"},{"@type":"ListItem","position":2,"name":"Inici sessi\u00f3 \/ Registre"}]},{"@type":"WebSite","@id":"https:\/\/bicimislata.mibisivalencia.es\/va\/#website","url":"https:\/\/bicimislata.mibisivalencia.es\/va\/","name":"BiciMislata","description":"Bicicletas compartidas en Mislata","potentialAction":[{"@type":"SearchAction","target":{"@type":"EntryPoint","urlTemplate":"https:\/\/bicimislata.mibisivalencia.es\/va\/?s={search_term_string}"},"query-input":{"@type":"PropertyValueSpecification","valueRequired":true,"valueName":"search_term_string"}}],"inLanguage":"va-ES"}]}},"_links":{"self":[{"href":"https:\/\/bicimislata.mibisivalencia.es\/va\/wp-json\/wp\/v2\/pages\/364","targetHints":{"allow":["GET"]}}],"collection":[{"href":"https:\/\/bicimislata.mibisivalencia.es\/va\/wp-json\/wp\/v2\/pages"}],"about":[{"href":"https:\/\/bicimislata.mibisivalencia.es\/va\/wp-json\/wp\/v2\/types\/page"}],"author":[{"embeddable":true,"href":"https:\/\/bicimislata.mibisivalencia.es\/va\/wp-json\/wp\/v2\/users\/13"}],"replies":[{"embeddable":true,"href":"https:\/\/bicimislata.mibisivalencia.es\/va\/wp-json\/wp\/v2\/comments?post=364"}],"version-history":[{"count":10,"href":"https:\/\/bicimislata.mibisivalencia.es\/va\/wp-json\/wp\/v2\/pages\/364\/revisions"}],"predecessor-version":[{"id":533,"href":"https:\/\/bicimislata.mibisivalencia.es\/va\/wp-json\/wp\/v2\/pages\/364\/revisions\/533"}],"wp:attachment":[{"href":"https:\/\/bicimislata.mibisivalencia.es\/va\/wp-json\/wp\/v2\/media?parent=364"}],"curies":[{"name":"wp","href":"https:\/\/api.w.org\/{rel}","templated":true}]}}