{"id":371,"date":"2022-11-15T07:57:06","date_gmt":"2022-11-15T06:57:06","guid":{"rendered":"https:\/\/nextbike-live.pluspol-networks.de\/mislata\/derecho-a-retirada\/"},"modified":"2023-02-16T10:18:28","modified_gmt":"2023-02-16T09:18:28","slug":"dret-a-retirada","status":"publish","type":"page","link":"https:\/\/bicimislata.mibisivalencia.es\/va\/dret-a-retirada\/","title":{"rendered":"Dret a retirada"},"content":{"rendered":"<div class=\"wpb-content-wrapper\"><p>[vc_row][vc_column][vc_column_text]<h1>Instruccions per a exercir el dret de desistiment<\/h1>\n<p><strong>Derecho de desistimiento <\/strong><\/p>\n<p>T\u00e9 dret a des istir d&#8217;aquest contracte en un t ermini de 14 d ies sense nec essitat de justificaci\u00f3 si no ha fet \u00fas del servei en absolut.<br \/>\nSi en contractar el servei, l&#8217;usuari utilitza el mateix, perdr\u00e0 el dret de desistiment autom\u00e0ticament i no tindr\u00e0 dret a devoluci\u00f3.<br \/>\nEl termini de desistiment expirar\u00e0 als 14 dies des del dia de la celebraci\u00f3 del contracte.<br \/>\nPer a exercir el dret de desistiment, ha d&#8217;informar-nos (Mobilitat Urbana Sostenible SL, Carrer Many\u00e0, Pol. Empresarial T\u00e0ctica, Paterna, Val\u00e8ncia &#8211; info@mibisivalencia.es &#8211; 662 36 01 85 &#8211; 96 111 15 75) de la seua decisi\u00f3 de retirar-se d&#8217;aquest contracte mitjan\u00e7ant una declaraci\u00f3 inequ\u00edvoca (per exemple, una carta enviada per correu postal, fax o correu electr\u00f2nic). Pots usar l&#8217;adjunt model de formulari de desistiment, per\u00f2 no \u00e9s obligatori.<br \/>\nPer a complir amb el termini de desistiment, \u00e9s suficient que envie la seua comunicaci\u00f3 relativa al seu exercici del dret de desistiment abans que finalitze el termini de desistiment.<\/p>\n<p><strong>Efectos de desistimiento<\/strong><\/p>\n<p>Si es retira d&#8217;aquest contracte, li reembossarem tots els pagaments rebuts de vost\u00e9, sense indeguda demora i, en qualsevol cas, a tot tardar 14 dies a partir del dia en qu\u00e8 se&#8217;ns informa sobre la seua decisi\u00f3 de desistir d&#8217;aquest contracte. Realitzarem aquest reembossament utilitzant els mateixos mitjans de pagament que va usar per a la transacci\u00f3 inicial, llevat que haja acordat expressament el contrari; en qualsevol esdeveniment, no incorrer\u00e0 en cap tarifa com a resultat d&#8217;aquest reembossament. Si va sollicitar el reembossament exercint el dret de desistiment despr\u00e9s d&#8217;haver realitzat \u00fas del servei, no tindr\u00e0 dret a reembossament ni desistiment del contracte.<\/p>\n<a aria-label=\"S&#039;obre en una nova pestanya\" href=\"https:\/\/bicimislata.mibisivalencia.es\/wp-content\/uploads\/sites\/45\/2023\/01\/BiciMislata-DERECHO-DE-DESISTIMIENTO-2023.pdf\" target=\"_blank\" class=\"ppi_withdrawal_download_link\"><strong>Descarregue a\u00e7\u00ed un model de formulari de cancelaci\u00f3<\/strong><\/a>[\/vc_column_text][\/vc_column][\/vc_row][vc_row][vc_column width=&#8221;1\/3&#8243;][\/vc_column][vc_column width=&#8221;1\/3&#8243;][\/vc_column][vc_column width=&#8221;1\/3&#8243;][vc_column_text css=&#8221;.vc_custom_1676539105504{margin-bottom: -20px !important;}&#8221;]<strong>Soci oficial:<\/strong>[\/vc_column_text][vc_single_image image=&#8221;377&#8243; img_size=&#8221;medium&#8221;][\/vc_column][\/vc_row]<\/p>\n<\/div>","protected":false},"excerpt":{"rendered":"<p>[vc_row][vc_column][vc_column_text][\/vc_column_text][\/vc_column][\/vc_row][vc_row][vc_column width=&#8221;1\/3&#8243;][\/vc_column][vc_column width=&#8221;1\/3&#8243;][\/vc_column][vc_column width=&#8221;1\/3&#8243;][vc_column_text css=&#8221;.vc_custom_1676539105504{margin-bottom: -20px !important;}&#8221;]Soci oficial:[\/vc_column_text][vc_single_image image=&#8221;377&#8243; img_size=&#8221;medium&#8221;][\/vc_column][\/vc_row]<\/p>\n","protected":false},"author":5,"featured_media":0,"parent":0,"menu_order":0,"comment_status":"closed","ping_status":"closed","template":"","meta":{"_acf_changed":false,"inline_featured_image":false,"footnotes":""},"class_list":["post-371","page","type-page","status-publish","hentry"],"acf":[],"yoast_head":"<!-- This site is optimized with the Yoast SEO plugin v27.2 - https:\/\/yoast.com\/product\/yoast-seo-wordpress\/ -->\n<title>Dret a retirada - BiciMislata<\/title>\n<meta name=\"robots\" content=\"index, follow, max-snippet:-1, max-image-preview:large, max-video-preview:-1\" \/>\n<link rel=\"canonical\" href=\"https:\/\/bicimislata.mibisivalencia.es\/va\/dret-a-retirada\/\" \/>\n<meta property=\"og:locale\" content=\"en_US\" \/>\n<meta property=\"og:type\" content=\"article\" \/>\n<meta property=\"og:title\" content=\"Dret a retirada - BiciMislata\" \/>\n<meta property=\"og:description\" content=\"[vc_row][vc_column][vc_column_text][\/vc_column_text][\/vc_column][\/vc_row][vc_row][vc_column width=&#8221;1\/3&#8243;][\/vc_column][vc_column width=&#8221;1\/3&#8243;][\/vc_column][vc_column width=&#8221;1\/3&#8243;][vc_column_text css=&#8221;.vc_custom_1676539105504{margin-bottom: -20px !important;}&#8221;]Soci oficial:[\/vc_column_text][vc_single_image image=&#8221;377&#8243; img_size=&#8221;medium&#8221;][\/vc_column][\/vc_row]\" \/>\n<meta property=\"og:url\" content=\"https:\/\/bicimislata.mibisivalencia.es\/va\/dret-a-retirada\/\" \/>\n<meta property=\"og:site_name\" content=\"BiciMislata\" \/>\n<meta property=\"article:modified_time\" content=\"2023-02-16T09:18:28+00:00\" \/>\n<meta name=\"twitter:card\" content=\"summary_large_image\" \/>\n<meta name=\"twitter:label1\" content=\"Est. reading time\" \/>\n\t<meta name=\"twitter:data1\" content=\"1 minute\" \/>\n<script type=\"application\/ld+json\" class=\"yoast-schema-graph\">{\"@context\":\"https:\/\/schema.org\",\"@graph\":[{\"@type\":\"WebPage\",\"@id\":\"https:\/\/bicimislata.mibisivalencia.es\/va\/dret-a-retirada\/\",\"url\":\"https:\/\/bicimislata.mibisivalencia.es\/va\/dret-a-retirada\/\",\"name\":\"Dret a retirada - BiciMislata\",\"isPartOf\":{\"@id\":\"https:\/\/bicimislata.mibisivalencia.es\/va\/#website\"},\"datePublished\":\"2022-11-15T06:57:06+00:00\",\"dateModified\":\"2023-02-16T09:18:28+00:00\",\"breadcrumb\":{\"@id\":\"https:\/\/bicimislata.mibisivalencia.es\/va\/dret-a-retirada\/#breadcrumb\"},\"inLanguage\":\"va-ES\",\"potentialAction\":[{\"@type\":\"ReadAction\",\"target\":[\"https:\/\/bicimislata.mibisivalencia.es\/va\/dret-a-retirada\/\"]}]},{\"@type\":\"BreadcrumbList\",\"@id\":\"https:\/\/bicimislata.mibisivalencia.es\/va\/dret-a-retirada\/#breadcrumb\",\"itemListElement\":[{\"@type\":\"ListItem\",\"position\":1,\"name\":\"Startseite\",\"item\":\"https:\/\/bicimislata.mibisivalencia.es\/va\/\"},{\"@type\":\"ListItem\",\"position\":2,\"name\":\"Dret a retirada\"}]},{\"@type\":\"WebSite\",\"@id\":\"https:\/\/bicimislata.mibisivalencia.es\/va\/#website\",\"url\":\"https:\/\/bicimislata.mibisivalencia.es\/va\/\",\"name\":\"BiciMislata\",\"description\":\"Bicicletas compartidas en Mislata\",\"potentialAction\":[{\"@type\":\"SearchAction\",\"target\":{\"@type\":\"EntryPoint\",\"urlTemplate\":\"https:\/\/bicimislata.mibisivalencia.es\/va\/?s={search_term_string}\"},\"query-input\":{\"@type\":\"PropertyValueSpecification\",\"valueRequired\":true,\"valueName\":\"search_term_string\"}}],\"inLanguage\":\"va-ES\"}]}<\/script>\n<!-- \/ Yoast SEO plugin. -->","yoast_head_json":{"title":"Dret a retirada - BiciMislata","robots":{"index":"index","follow":"follow","max-snippet":"max-snippet:-1","max-image-preview":"max-image-preview:large","max-video-preview":"max-video-preview:-1"},"canonical":"https:\/\/bicimislata.mibisivalencia.es\/va\/dret-a-retirada\/","og_locale":"en_US","og_type":"article","og_title":"Dret a retirada - BiciMislata","og_description":"[vc_row][vc_column][vc_column_text][\/vc_column_text][\/vc_column][\/vc_row][vc_row][vc_column width=&#8221;1\/3&#8243;][\/vc_column][vc_column width=&#8221;1\/3&#8243;][\/vc_column][vc_column width=&#8221;1\/3&#8243;][vc_column_text css=&#8221;.vc_custom_1676539105504{margin-bottom: -20px !important;}&#8221;]Soci oficial:[\/vc_column_text][vc_single_image image=&#8221;377&#8243; img_size=&#8221;medium&#8221;][\/vc_column][\/vc_row]","og_url":"https:\/\/bicimislata.mibisivalencia.es\/va\/dret-a-retirada\/","og_site_name":"BiciMislata","article_modified_time":"2023-02-16T09:18:28+00:00","twitter_card":"summary_large_image","twitter_misc":{"Est. reading time":"1 minute"},"schema":{"@context":"https:\/\/schema.org","@graph":[{"@type":"WebPage","@id":"https:\/\/bicimislata.mibisivalencia.es\/va\/dret-a-retirada\/","url":"https:\/\/bicimislata.mibisivalencia.es\/va\/dret-a-retirada\/","name":"Dret a retirada - BiciMislata","isPartOf":{"@id":"https:\/\/bicimislata.mibisivalencia.es\/va\/#website"},"datePublished":"2022-11-15T06:57:06+00:00","dateModified":"2023-02-16T09:18:28+00:00","breadcrumb":{"@id":"https:\/\/bicimislata.mibisivalencia.es\/va\/dret-a-retirada\/#breadcrumb"},"inLanguage":"va-ES","potentialAction":[{"@type":"ReadAction","target":["https:\/\/bicimislata.mibisivalencia.es\/va\/dret-a-retirada\/"]}]},{"@type":"BreadcrumbList","@id":"https:\/\/bicimislata.mibisivalencia.es\/va\/dret-a-retirada\/#breadcrumb","itemListElement":[{"@type":"ListItem","position":1,"name":"Startseite","item":"https:\/\/bicimislata.mibisivalencia.es\/va\/"},{"@type":"ListItem","position":2,"name":"Dret a retirada"}]},{"@type":"WebSite","@id":"https:\/\/bicimislata.mibisivalencia.es\/va\/#website","url":"https:\/\/bicimislata.mibisivalencia.es\/va\/","name":"BiciMislata","description":"Bicicletas compartidas en Mislata","potentialAction":[{"@type":"SearchAction","target":{"@type":"EntryPoint","urlTemplate":"https:\/\/bicimislata.mibisivalencia.es\/va\/?s={search_term_string}"},"query-input":{"@type":"PropertyValueSpecification","valueRequired":true,"valueName":"search_term_string"}}],"inLanguage":"va-ES"}]}},"_links":{"self":[{"href":"https:\/\/bicimislata.mibisivalencia.es\/va\/wp-json\/wp\/v2\/pages\/371","targetHints":{"allow":["GET"]}}],"collection":[{"href":"https:\/\/bicimislata.mibisivalencia.es\/va\/wp-json\/wp\/v2\/pages"}],"about":[{"href":"https:\/\/bicimislata.mibisivalencia.es\/va\/wp-json\/wp\/v2\/types\/page"}],"author":[{"embeddable":true,"href":"https:\/\/bicimislata.mibisivalencia.es\/va\/wp-json\/wp\/v2\/users\/5"}],"replies":[{"embeddable":true,"href":"https:\/\/bicimislata.mibisivalencia.es\/va\/wp-json\/wp\/v2\/comments?post=371"}],"version-history":[{"count":5,"href":"https:\/\/bicimislata.mibisivalencia.es\/va\/wp-json\/wp\/v2\/pages\/371\/revisions"}],"predecessor-version":[{"id":526,"href":"https:\/\/bicimislata.mibisivalencia.es\/va\/wp-json\/wp\/v2\/pages\/371\/revisions\/526"}],"wp:attachment":[{"href":"https:\/\/bicimislata.mibisivalencia.es\/va\/wp-json\/wp\/v2\/media?parent=371"}],"curies":[{"name":"wp","href":"https:\/\/api.w.org\/{rel}","templated":true}]}}