{"id":375,"date":"2022-08-11T12:13:00","date_gmt":"2022-08-11T10:13:00","guid":{"rendered":"https:\/\/nextbike-live.pluspol-networks.de\/mislata\/pagina-de-inicio\/"},"modified":"2023-02-16T10:19:39","modified_gmt":"2023-02-16T09:19:39","slug":"pagina-de-inicio","status":"publish","type":"page","link":"https:\/\/bicimislata.mibisivalencia.es\/va\/","title":{"rendered":"P\u00e1gina de Inicio"},"content":{"rendered":"<div class=\"wpb-content-wrapper\"><p>[vc_row ppi_row_padding=&#8221;ppi_remove_padding_top,ppi_remove_padding_bottom&#8221; full_width=&#8221;stretch_row_content_no_spaces&#8221; el_class=&#8221;stage-row&#8221;][vc_column]<div class=\"nextbike stage\">\n                    <div class=\"stage__wrapper\">\n                        <div class=\"container\">\n                            <div class=\"stage__content\"><span class=\"h3\">Descarrega\u2019t l\u2019App i mou-te de manera sostenible amb el servei BiciMislata<\/span><h1>Despla\u00e7a\u2019t amb bicicleta per Mislata!<\/h1><div class=\"stage__content__stores\"><a class=\"nb-appstore-btn\" aria-label=\"Apple App Store\" href=\"https:\/\/apps.apple.com\/de\/app\/nextbike\/id504288371\" target=\"_blank\" data-custom-link=\"true\"><img decoding=\"async\" width=\"200px\" height=\"59px\" alt=\"Apple App Store\" src=\"https:\/\/bicimislata.mibisivalencia.es\/wp-content\/uploads\/2022\/07\/apple-logo.svg\" \/><\/a><a class=\"nb-appstore-btn\" aria-label=\"Google App Store\" href=\"https:\/\/play.google.com\/store\/apps\/details?id=de.nextbike\" target=\"_blank\" data-custom-link=\"true\"><img decoding=\"async\" width=\"200px\" height=\"59px\" alt=\"Google App Store\" src=\"https:\/\/bicimislata.mibisivalencia.es\/wp-content\/uploads\/2022\/07\/google-logo.svg\" \/><\/a><\/div>\n                            <\/div>\n                        <\/div><div role=\"img\" aria-label=\"Missing alt text\" class=\"stage__parallax parallax-speed5 \" style=\"background-image: url(https:\/\/bicimislata.mibisivalencia.es\/wp-content\/uploads\/2024\/04\/sun_background_optimized-1.svg)\"><\/div>\n                   <div role=\"img\" aria-label=\"Missing alt text\" class=\"stage__parallax parallax-speed4 \" style=\"background-image: url(https:\/\/bicimislata.mibisivalencia.es\/wp-content\/uploads\/2023\/03\/City_background.svg)\"><\/div>\n                   <div role=\"img\" aria-label=\"\" class=\"stage__parallax parallax-speed3 \" style=\"background-image: url(https:\/\/bicimislata.mibisivalencia.es\/wp-content\/uploads\/sites\/45\/2023\/01\/header_LAYER-3.svg)\"><\/div>\n                   <div role=\"img\" aria-label=\"\" class=\"stage__parallax parallax-speed2 \" style=\"background-image: url(https:\/\/bicimislata.mibisivalencia.es\/wp-content\/uploads\/sites\/45\/2023\/01\/header_LAYER-2.svg)\"><\/div>\n                   <div role=\"img\" aria-label=\"\" class=\"stage__parallax parallax-speed1 \" style=\"background-image: url(https:\/\/bicimislata.mibisivalencia.es\/wp-content\/uploads\/sites\/45\/2023\/01\/header_LAYER-1.svg)\"><\/div><\/div>\n                <\/div>[\/vc_column][\/vc_row][vc_row ppi_row_padding=&#8221;ppi_remove_padding_top&#8221;][vc_column]<div class=\"nextbike mockups\"><div class=\"mockups__item\">\n    <div class=\"mockups__item__container\">\n                <div class=\"mockups__item__image mockups__item__image__left\">\n                        <div class=\"mockups__item__image__img\">\n                <img loading=\"lazy\" decoding=\"async\" width=\"768\" height=\"1026\" src=\"https:\/\/bicimislata.mibisivalencia.es\/wp-content\/uploads\/sites\/45\/2023\/02\/links-768x1026.png\" class=\"attachment-nex-sm size-nex-sm\" alt=\"\" srcset=\"https:\/\/bicimislata.mibisivalencia.es\/wp-content\/uploads\/sites\/45\/2023\/02\/links-768x1026.png 768w, https:\/\/bicimislata.mibisivalencia.es\/wp-content\/uploads\/sites\/45\/2023\/02\/links-225x300.png 225w, https:\/\/bicimislata.mibisivalencia.es\/wp-content\/uploads\/sites\/45\/2023\/02\/links-766x1024.png 766w, https:\/\/bicimislata.mibisivalencia.es\/wp-content\/uploads\/sites\/45\/2023\/02\/links-992x1326.png 992w, https:\/\/bicimislata.mibisivalencia.es\/wp-content\/uploads\/sites\/45\/2023\/02\/links-480x641.png 480w, https:\/\/bicimislata.mibisivalencia.es\/wp-content\/uploads\/sites\/45\/2023\/02\/links-105x140.png 105w, https:\/\/bicimislata.mibisivalencia.es\/wp-content\/uploads\/sites\/45\/2023\/02\/links-75x100.png 75w, https:\/\/bicimislata.mibisivalencia.es\/wp-content\/uploads\/sites\/45\/2023\/02\/links.png 1044w\" sizes=\"auto, (max-width: 768px) 100vw, 768px\" \/>            <\/div>\n                                                            <div class=\"mockups__item__image__bg parallax\">\n                        <img loading=\"lazy\" decoding=\"async\" width=\"1\" height=\"1\" src=\"https:\/\/bicimislata.mibisivalencia.es\/wp-content\/uploads\/sites\/45\/2023\/01\/bubble-MAP.svg\" class=\"attachment-nex-md size-nex-md\" alt=\"\" \/>                    <\/div>\n                                    <\/div>\n                        <div class=\"mockups__item__content mockups__item__content__left\">\n                        <h2 class=\"h3 mockups__item__headline\">\n                BiciMislata            <\/h2>\n                                    <p class=\"mockups__item__text\">\n                El servei de bicicleta p\u00fablica BiciMislata permet a qualsevol persona \r\nmajor de 14 anys registrar-se i disposar d\u2019una bicicleta per a realitzar els \r\nseus despla\u00e7aments urbans.\r\nEl sistema compta amb 22 bicicletes el\u00e8ctriques, 42 bicicletes convencionals i 15 estacions.            <\/p>\n                                    <a href=\"https:\/\/bicimislata.mibisivalencia.es\/va\/mapa\/\" target=\"_self\" title=\"Mapa de les estacions\" class=\"mockups__item__link\" >\n                Mapa de les estacions            <\/a>\n                    <\/div>\n            <\/div>\n<\/div>\n<div class=\"mockups__item\">\n    <div class=\"mockups__item__container\">\n                <div class=\"mockups__item__image mockups__item__image__right\">\n                        <div class=\"mockups__item__image__img\">\n                <img loading=\"lazy\" decoding=\"async\" width=\"768\" height=\"1026\" src=\"https:\/\/bicimislata.mibisivalencia.es\/wp-content\/uploads\/sites\/45\/2023\/01\/rechts-768x1026.png\" class=\"attachment-nex-sm size-nex-sm\" alt=\"\" srcset=\"https:\/\/bicimislata.mibisivalencia.es\/wp-content\/uploads\/sites\/45\/2023\/01\/rechts-768x1026.png 768w, https:\/\/bicimislata.mibisivalencia.es\/wp-content\/uploads\/sites\/45\/2023\/01\/rechts-225x300.png 225w, https:\/\/bicimislata.mibisivalencia.es\/wp-content\/uploads\/sites\/45\/2023\/01\/rechts-766x1024.png 766w, https:\/\/bicimislata.mibisivalencia.es\/wp-content\/uploads\/sites\/45\/2023\/01\/rechts-992x1326.png 992w, https:\/\/bicimislata.mibisivalencia.es\/wp-content\/uploads\/sites\/45\/2023\/01\/rechts-480x641.png 480w, https:\/\/bicimislata.mibisivalencia.es\/wp-content\/uploads\/sites\/45\/2023\/01\/rechts-105x140.png 105w, https:\/\/bicimislata.mibisivalencia.es\/wp-content\/uploads\/sites\/45\/2023\/01\/rechts-75x100.png 75w, https:\/\/bicimislata.mibisivalencia.es\/wp-content\/uploads\/sites\/45\/2023\/01\/rechts.png 1044w\" sizes=\"auto, (max-width: 768px) 100vw, 768px\" \/>            <\/div>\n                                                            <div class=\"mockups__item__image__bg parallax\">\n                        <img loading=\"lazy\" decoding=\"async\" width=\"1\" height=\"1\" src=\"https:\/\/bicimislata.mibisivalencia.es\/wp-content\/uploads\/sites\/45\/2023\/01\/bubble-SCAN.svg\" class=\"attachment-nex-md size-nex-md\" alt=\"\" \/>                    <\/div>\n                                    <\/div>\n                        <div class=\"mockups__item__content mockups__item__content__right\">\n                        <h2 class=\"h3 mockups__item__headline\">\n                Lloga i retorna            <\/h2>\n                                    <p class=\"mockups__item__text\">\n                Simplement desbloqueja les bicicletes amb l\u2019APP nextbike\r\no amb la teua targeta i gaudeix!\r\nTanca el cadenat i el lloguer finalitzar\u00e0 immediatament.            <\/p>\n                                    <a href=\"#como-funciona\" target=\"_self\" title=\"Com funciona\" class=\"mockups__item__link\" >\n                Com funciona            <\/a>\n                    <\/div>\n            <\/div>\n<\/div>\n<div class=\"mockups__item\">\n    <div class=\"mockups__item__container\">\n                <div class=\"mockups__item__image mockups__item__image__left\">\n                        <div class=\"mockups__item__image__img\">\n                <img loading=\"lazy\" decoding=\"async\" width=\"768\" height=\"1026\" src=\"https:\/\/bicimislata.mibisivalencia.es\/wp-content\/uploads\/sites\/45\/2023\/01\/frontal-768x1026.png\" class=\"attachment-nex-sm size-nex-sm\" alt=\"\" srcset=\"https:\/\/bicimislata.mibisivalencia.es\/wp-content\/uploads\/sites\/45\/2023\/01\/frontal-768x1026.png 768w, https:\/\/bicimislata.mibisivalencia.es\/wp-content\/uploads\/sites\/45\/2023\/01\/frontal-225x300.png 225w, https:\/\/bicimislata.mibisivalencia.es\/wp-content\/uploads\/sites\/45\/2023\/01\/frontal-766x1024.png 766w, https:\/\/bicimislata.mibisivalencia.es\/wp-content\/uploads\/sites\/45\/2023\/01\/frontal-992x1326.png 992w, https:\/\/bicimislata.mibisivalencia.es\/wp-content\/uploads\/sites\/45\/2023\/01\/frontal-480x641.png 480w, https:\/\/bicimislata.mibisivalencia.es\/wp-content\/uploads\/sites\/45\/2023\/01\/frontal-105x140.png 105w, https:\/\/bicimislata.mibisivalencia.es\/wp-content\/uploads\/sites\/45\/2023\/01\/frontal-75x100.png 75w, https:\/\/bicimislata.mibisivalencia.es\/wp-content\/uploads\/sites\/45\/2023\/01\/frontal.png 1044w\" sizes=\"auto, (max-width: 768px) 100vw, 768px\" \/>            <\/div>\n                                                            <div class=\"mockups__item__image__bg parallax\">\n                        <img loading=\"lazy\" decoding=\"async\" width=\"1\" height=\"1\" src=\"https:\/\/bicimislata.mibisivalencia.es\/wp-content\/uploads\/sites\/45\/2023\/01\/bubble-APP.svg\" class=\"attachment-nex-md size-nex-md\" alt=\"\" \/>                    <\/div>\n                                    <\/div>\n                        <div class=\"mockups__item__content mockups__item__content__left\">\n                        <h2 class=\"h3 mockups__item__headline\">\n                Flexible i sostenible            <\/h2>\n                                    <p class=\"mockups__item__text\">\n                Troba la tarifa que t'adapte. Pots unir-te fins a 12 \u20ac a l'any.            <\/p>\n                                    <a href=\"#prices\" target=\"_self\" title=\"Les nostres tarifes\" class=\"mockups__item__link\" >\n                Les nostres tarifes            <\/a>\n                    <\/div>\n            <\/div>\n<\/div>\n<\/div>[\/vc_column][\/vc_row][vc_row ppi_row_type=&#8221;ppi_bg_grey&#8221; full_width=&#8221;stretch_row&#8221; el_id=&#8221;como-funciona&#8221;][vc_column]<div class=\"nextbike how-its-done\">\n    <h2>Com funciona<\/h2>\n\n\n\n<div class=\"how-its-done__container\">\n                        <div class=\"how-its-done__ctab how-its-done__ctab__tab1 how-its-done__ctab__current\" data-ctab=\"tab1\">\n                <div class=\"how-its-done__image\">\n                    <img loading=\"lazy\" decoding=\"async\" width=\"1\" height=\"1\" src=\"https:\/\/bicimislata.mibisivalencia.es\/wp-content\/uploads\/sites\/45\/2023\/01\/Framelock.svg\" class=\"attachment-nex-md size-nex-md\" alt=\"\" \/>                <\/div>\n                <div class=\"how-its-done__content\">\n                                            <h3 class=\"h5\">REGISTRE<\/h3>\n                                                                <p>El registre es deur\u00e0 realitzar al Centre Jove Turia (Carrer del Turia 13) o  Centre Jove del Mercat (Carrer Major 36). Ser\u00e0 necessari entregar el  DNI original, fotocopia del mateix i resguard del pagament del servei.  Previament es tindr\u00e0 que realitzar el pagament de l\u2019abonament en les  instal\u00b7lacions del Ajuntamient de Mislata (Pla\u00e7a Constituci\u00f3n 8).<\/p>\n                                                                <h3 class=\"h5\">LLOGUER<\/h3>\n                                                                <p>APP:  Simplement escaneja el c\u00f3di QR de la bicicleta (trobat en la roda posterior) amb l\u2019app \u201cnextbike\u201d i el cadenat Framelock es desbloquejar\u00e0 autom\u00e0ticament. TARGETA: Col\u00b7loca la teua targeta en el lector RFID situat en la part posterior de  la bicicleta. El cadenat s\u2019obrir\u00e0 autom\u00e0ticament. Tin cura de que la teua targeta ha sigut vinculada al teu compte amb  anterioritat. Per a vincular-la, lloga una bicicleta i mantingues la teua  targeta sobre el lector RFID una volta durant dos minuts just despres de  llogar-la. La targeta es vincular\u00e0 al teu compte.<\/p>\n                                                                <h3 class=\"h5\">MODE PARKING<\/h3>\n                                                                <p>\u00bfVols aparcar la teua bicicleta un moment i no perdre el lloguer? Primer activa el MODE PARKING en l\u2019APP i despres tanca el cadenat  Framelock, quan desactives el mode parking, aquest es desbloquejar\u00e0 novament.<\/p>\n                                                                <h3 class=\"h5\">DEVOLUCI\u00d3<\/h3>\n                                                                <p>Retorna la teua bicicleta prop d\u2019una estaci\u00f3 oficial i bloqueja el  candenat Framelock. Si retornes la bicicleta lluny de la zona permesa se li aplicar\u00e0 una penalitzaci\u00f3.<\/p>\n                                    <\/div>\n            <\/div>\n                                                            <\/div>\n<\/div>[\/vc_column][\/vc_row][vc_row el_id=&#8221;prices&#8221;][vc_column]<div class=\"nextbike tariffs\"><h2>Tarifas<\/h2><div class=\"tariffs__text\"><p>\u00a1BiciMislata t\u00e9 la soluci\u00f3 perfecta i senzilla per a tu!<br \/>\nDos tipus d\u2019abonament, l\u2019abonament de 30 minuts i l\u2019abonament de 2 hores.<br \/>\nSegons les teues necessitats pots triar el tipus d\u2019abonament que m\u00e9s s\u2019adapte als teus viatges.<br \/>\nEls abonaments s\u00f3n unipersonals i intransferibles. L\u2019edat m\u00ednima per a poder registrar-se i aprofitar-los \u00e9s de 14 anys.<\/p>\n<\/p><\/div><div class=\"tariffs__tabs tariffs__tabs__hidden\"><a role=\"button\" href=\"#\" class=\"tariffs__tab tariffs__tab__current\" data-tab=\"Standard tariffs\">Standard tariffs<\/a><\/div><div class=\"tariffs__contents\"><div class=\"tariffs__content  tariffs__content__current\" data-content=\"Standard tariffs\"><div class=\"tariffs__content__card\">\n    <span class=\"h5\" role=\"heading\">para distancias cortas<\/span>\n    <h3 class=\"h2\">B\u00c0SIC anual<\/h3>\n    <h4 class=\"h3\">12 \u20ac\/any<\/h4>\n    <p><p>El temps d\u2019\u00fas perm\u00e8s amb aquest <strong>ABONAMENT<\/strong> es d\u2019un <strong>M\u00c0XIM de 30 minuts<\/strong>.<br \/>\nPots retirar i tornar la bicicleta tantes voltes com vullgues.<\/p>\n<p>Expedici\u00f3 de targeta (opcional): 4,50\u20ac<br \/>\n<strong>Compatible amb la targeta Mobilis o SUMA<\/strong><\/p>\n<\/p>\n<\/div>\n<div class=\"tariffs__content__card\">\n    <span class=\"h5\" role=\"heading\">para largas distancias<\/span>\n    <h3 class=\"h2\">GENERAL anual<\/h3>\n    <h4 class=\"h3\">18 \u20ac\/any<\/h4>\n    <p><p>El temps d\u2019\u00fas perm\u00e8s amb aquest <strong>ABONAMENT<\/strong> es d\u2019un <strong>M\u00c0XIM de 2 hores<\/strong>.<br \/>\nPots retirar i tornar la bicicleta tantes voltes com vullgues.<\/p>\n<p>Expedici\u00f3 de targeta (opcional): 4,50\u20ac<br \/>\n<strong>Compatible amb la targeta Mobilis o SUMA<\/strong><\/p>\n<\/p>\n<\/div>\n<\/div><\/div><\/div>[\/vc_column][\/vc_row][vc_row full_width=&#8221;stretch_row_content_no_spaces&#8221; disable_element=&#8221;yes&#8221;][vc_column][\/vc_column][\/vc_row][vc_row ppi_row_padding=&#8221;ppi_remove_padding_bottom&#8221; full_width=&#8221;stretch_row_content_no_spaces&#8221; el_id=&#8221;ventajas&#8221;][vc_column]<div class=\"nextbike slider\">\n            <div class=\"slider__black\">\n            <h2 class=\"h1\">Descobreix Mislata amb BiciMislata<\/h2>\n        <\/div>\n        <div class=\"full-width-slider\">\n                        <div class=\"slider__slide center\">\n                    <img loading=\"lazy\" decoding=\"async\" width=\"1920\" height=\"1280\" src=\"https:\/\/bicimislata.mibisivalencia.es\/wp-content\/uploads\/sites\/45\/2023\/01\/Smartbike_2.0_MARIA_Basket-2-1920x1280.jpg\" class=\"attachment-nex-max size-nex-max wp-post-image\" alt=\"\" srcset=\"https:\/\/bicimislata.mibisivalencia.es\/wp-content\/uploads\/sites\/45\/2023\/01\/Smartbike_2.0_MARIA_Basket-2-1920x1280.jpg 1920w, https:\/\/bicimislata.mibisivalencia.es\/wp-content\/uploads\/sites\/45\/2023\/01\/Smartbike_2.0_MARIA_Basket-2-300x200.jpg 300w, https:\/\/bicimislata.mibisivalencia.es\/wp-content\/uploads\/sites\/45\/2023\/01\/Smartbike_2.0_MARIA_Basket-2-1024x683.jpg 1024w, https:\/\/bicimislata.mibisivalencia.es\/wp-content\/uploads\/sites\/45\/2023\/01\/Smartbike_2.0_MARIA_Basket-2-768x512.jpg 768w, https:\/\/bicimislata.mibisivalencia.es\/wp-content\/uploads\/sites\/45\/2023\/01\/Smartbike_2.0_MARIA_Basket-2-1200x800.jpg 1200w, https:\/\/bicimislata.mibisivalencia.es\/wp-content\/uploads\/sites\/45\/2023\/01\/Smartbike_2.0_MARIA_Basket-2-992x661.jpg 992w, https:\/\/bicimislata.mibisivalencia.es\/wp-content\/uploads\/sites\/45\/2023\/01\/Smartbike_2.0_MARIA_Basket-2-480x320.jpg 480w, https:\/\/bicimislata.mibisivalencia.es\/wp-content\/uploads\/sites\/45\/2023\/01\/Smartbike_2.0_MARIA_Basket-2-210x140.jpg 210w, https:\/\/bicimislata.mibisivalencia.es\/wp-content\/uploads\/sites\/45\/2023\/01\/Smartbike_2.0_MARIA_Basket-2-150x100.jpg 150w\" sizes=\"auto, (max-width: 1920px) 100vw, 1920px\" \/>                                            <div class=\"slider__slide__overlay\" style=\"background-color: rgba(0,0,0,0.3);\"><\/div>\n                                        <div class=\"slider__slide__inner container\">\n                        <h3 class=\"h2\">For\u00e7a muscular o assist\u00e8ncia el\u00e8ctrica?<\/h3>                        <h4 class=\"h3\">Trieu entre una bicicleta el\u00e8ctricai una normal<\/h4>                                            <\/div>\n                <\/div>\n                <\/div>\n<\/div>\n[\/vc_column][\/vc_row][vc_row][vc_column width=&#8221;1\/3&#8243;][\/vc_column][vc_column width=&#8221;1\/3&#8243;][\/vc_column][vc_column width=&#8221;1\/3&#8243;][vc_column_text css=&#8221;.vc_custom_1676539176694{margin-bottom: -20px !important;}&#8221;]<strong>Soci oficial:<\/strong>[\/vc_column_text][vc_single_image image=&#8221;377&#8243; img_size=&#8221;medium&#8221;][\/vc_column][\/vc_row]<\/p>\n<\/div>","protected":false},"excerpt":{"rendered":"<p>[vc_row ppi_row_padding=&#8221;ppi_remove_padding_top,ppi_remove_padding_bottom&#8221; full_width=&#8221;stretch_row_content_no_spaces&#8221; el_class=&#8221;stage-row&#8221;][vc_column][\/vc_column][\/vc_row][vc_row ppi_row_padding=&#8221;ppi_remove_padding_top&#8221;][vc_column][\/vc_column][\/vc_row][vc_row ppi_row_type=&#8221;ppi_bg_grey&#8221; full_width=&#8221;stretch_row&#8221; el_id=&#8221;como-funciona&#8221;][vc_column][\/vc_column][\/vc_row][vc_row el_id=&#8221;prices&#8221;][vc_column][\/vc_column][\/vc_row][vc_row full_width=&#8221;stretch_row_content_no_spaces&#8221; disable_element=&#8221;yes&#8221;][vc_column][\/vc_column][\/vc_row][vc_row ppi_row_padding=&#8221;ppi_remove_padding_bottom&#8221; full_width=&#8221;stretch_row_content_no_spaces&#8221; el_id=&#8221;ventajas&#8221;][vc_column][\/vc_column][\/vc_row][vc_row][vc_column width=&#8221;1\/3&#8243;][\/vc_column][vc_column width=&#8221;1\/3&#8243;][\/vc_column][vc_column width=&#8221;1\/3&#8243;][vc_column_text css=&#8221;.vc_custom_1676539176694{margin-bottom: -20px !important;}&#8221;]Soci oficial:[\/vc_column_text][vc_single_image image=&#8221;377&#8243; img_size=&#8221;medium&#8221;][\/vc_column][\/vc_row]<\/p>\n","protected":false},"author":5,"featured_media":0,"parent":0,"menu_order":0,"comment_status":"closed","ping_status":"closed","template":"","meta":{"_acf_changed":false,"inline_featured_image":false,"footnotes":""},"class_list":["post-375","page","type-page","status-publish","hentry"],"acf":[],"yoast_head":"<!-- This site is optimized with the Yoast SEO plugin v27.2 - https:\/\/yoast.com\/product\/yoast-seo-wordpress\/ -->\n<title>Bicicletas compartidas en Mislata | BiciMislata<\/title>\n<meta name=\"description\" content=\"Comparte la bici f\u00e1cilmente, no importa si es para 30 minutos o para todo un d\u00eda. La pr\u00f3xima bicicleta est\u00e1 a la vuelta de la esquina. Inscr\u00edbete ahora.\" \/>\n<meta name=\"robots\" content=\"index, follow, max-snippet:-1, max-image-preview:large, max-video-preview:-1\" \/>\n<link rel=\"canonical\" href=\"https:\/\/bicimislata.mibisivalencia.es\/va\/\" \/>\n<meta property=\"og:locale\" content=\"en_US\" \/>\n<meta property=\"og:type\" content=\"article\" \/>\n<meta property=\"og:title\" content=\"Bicicletas compartidas en Mislata | BiciMislata\" \/>\n<meta property=\"og:description\" content=\"Comparte la bici f\u00e1cilmente, no importa si es para 30 minutos o para todo un d\u00eda. La pr\u00f3xima bicicleta est\u00e1 a la vuelta de la esquina. Inscr\u00edbete ahora.\" \/>\n<meta property=\"og:url\" content=\"https:\/\/bicimislata.mibisivalencia.es\/va\/\" \/>\n<meta property=\"og:site_name\" content=\"BiciMislata\" \/>\n<meta property=\"article:modified_time\" content=\"2023-02-16T09:19:39+00:00\" \/>\n<meta name=\"twitter:card\" content=\"summary_large_image\" \/>\n<meta name=\"twitter:label1\" content=\"Est. reading time\" \/>\n\t<meta name=\"twitter:data1\" content=\"1 minute\" \/>\n<script type=\"application\/ld+json\" class=\"yoast-schema-graph\">{\"@context\":\"https:\/\/schema.org\",\"@graph\":[{\"@type\":\"WebPage\",\"@id\":\"https:\/\/bicimislata.mibisivalencia.es\/va\/\",\"url\":\"https:\/\/bicimislata.mibisivalencia.es\/va\/\",\"name\":\"Bicicletas compartidas en Mislata | BiciMislata\",\"isPartOf\":{\"@id\":\"https:\/\/bicimislata.mibisivalencia.es\/va\/#website\"},\"datePublished\":\"2022-08-11T10:13:00+00:00\",\"dateModified\":\"2023-02-16T09:19:39+00:00\",\"description\":\"Comparte la bici f\u00e1cilmente, no importa si es para 30 minutos o para todo un d\u00eda. La pr\u00f3xima bicicleta est\u00e1 a la vuelta de la esquina. Inscr\u00edbete ahora.\",\"breadcrumb\":{\"@id\":\"https:\/\/bicimislata.mibisivalencia.es\/va\/#breadcrumb\"},\"inLanguage\":\"va-ES\",\"potentialAction\":[{\"@type\":\"ReadAction\",\"target\":[\"https:\/\/bicimislata.mibisivalencia.es\/va\/\"]}]},{\"@type\":\"BreadcrumbList\",\"@id\":\"https:\/\/bicimislata.mibisivalencia.es\/va\/#breadcrumb\",\"itemListElement\":[{\"@type\":\"ListItem\",\"position\":1,\"name\":\"Startseite\",\"item\":\"https:\/\/bicimislata.mibisivalencia.es\/va\/\"},{\"@type\":\"ListItem\",\"position\":2,\"name\":\"P\u00e1gina de Inicio\"}]},{\"@type\":\"WebSite\",\"@id\":\"https:\/\/bicimislata.mibisivalencia.es\/va\/#website\",\"url\":\"https:\/\/bicimislata.mibisivalencia.es\/va\/\",\"name\":\"BiciMislata\",\"description\":\"Bicicletas compartidas en Mislata\",\"potentialAction\":[{\"@type\":\"SearchAction\",\"target\":{\"@type\":\"EntryPoint\",\"urlTemplate\":\"https:\/\/bicimislata.mibisivalencia.es\/va\/?s={search_term_string}\"},\"query-input\":{\"@type\":\"PropertyValueSpecification\",\"valueRequired\":true,\"valueName\":\"search_term_string\"}}],\"inLanguage\":\"va-ES\"}]}<\/script>\n<!-- \/ Yoast SEO plugin. -->","yoast_head_json":{"title":"Bicicletas compartidas en Mislata | BiciMislata","description":"Comparte la bici f\u00e1cilmente, no importa si es para 30 minutos o para todo un d\u00eda. La pr\u00f3xima bicicleta est\u00e1 a la vuelta de la esquina. Inscr\u00edbete ahora.","robots":{"index":"index","follow":"follow","max-snippet":"max-snippet:-1","max-image-preview":"max-image-preview:large","max-video-preview":"max-video-preview:-1"},"canonical":"https:\/\/bicimislata.mibisivalencia.es\/va\/","og_locale":"en_US","og_type":"article","og_title":"Bicicletas compartidas en Mislata | BiciMislata","og_description":"Comparte la bici f\u00e1cilmente, no importa si es para 30 minutos o para todo un d\u00eda. La pr\u00f3xima bicicleta est\u00e1 a la vuelta de la esquina. Inscr\u00edbete ahora.","og_url":"https:\/\/bicimislata.mibisivalencia.es\/va\/","og_site_name":"BiciMislata","article_modified_time":"2023-02-16T09:19:39+00:00","twitter_card":"summary_large_image","twitter_misc":{"Est. reading time":"1 minute"},"schema":{"@context":"https:\/\/schema.org","@graph":[{"@type":"WebPage","@id":"https:\/\/bicimislata.mibisivalencia.es\/va\/","url":"https:\/\/bicimislata.mibisivalencia.es\/va\/","name":"Bicicletas compartidas en Mislata | BiciMislata","isPartOf":{"@id":"https:\/\/bicimislata.mibisivalencia.es\/va\/#website"},"datePublished":"2022-08-11T10:13:00+00:00","dateModified":"2023-02-16T09:19:39+00:00","description":"Comparte la bici f\u00e1cilmente, no importa si es para 30 minutos o para todo un d\u00eda. La pr\u00f3xima bicicleta est\u00e1 a la vuelta de la esquina. Inscr\u00edbete ahora.","breadcrumb":{"@id":"https:\/\/bicimislata.mibisivalencia.es\/va\/#breadcrumb"},"inLanguage":"va-ES","potentialAction":[{"@type":"ReadAction","target":["https:\/\/bicimislata.mibisivalencia.es\/va\/"]}]},{"@type":"BreadcrumbList","@id":"https:\/\/bicimislata.mibisivalencia.es\/va\/#breadcrumb","itemListElement":[{"@type":"ListItem","position":1,"name":"Startseite","item":"https:\/\/bicimislata.mibisivalencia.es\/va\/"},{"@type":"ListItem","position":2,"name":"P\u00e1gina de Inicio"}]},{"@type":"WebSite","@id":"https:\/\/bicimislata.mibisivalencia.es\/va\/#website","url":"https:\/\/bicimislata.mibisivalencia.es\/va\/","name":"BiciMislata","description":"Bicicletas compartidas en Mislata","potentialAction":[{"@type":"SearchAction","target":{"@type":"EntryPoint","urlTemplate":"https:\/\/bicimislata.mibisivalencia.es\/va\/?s={search_term_string}"},"query-input":{"@type":"PropertyValueSpecification","valueRequired":true,"valueName":"search_term_string"}}],"inLanguage":"va-ES"}]}},"_links":{"self":[{"href":"https:\/\/bicimislata.mibisivalencia.es\/va\/wp-json\/wp\/v2\/pages\/375","targetHints":{"allow":["GET"]}}],"collection":[{"href":"https:\/\/bicimislata.mibisivalencia.es\/va\/wp-json\/wp\/v2\/pages"}],"about":[{"href":"https:\/\/bicimislata.mibisivalencia.es\/va\/wp-json\/wp\/v2\/types\/page"}],"author":[{"embeddable":true,"href":"https:\/\/bicimislata.mibisivalencia.es\/va\/wp-json\/wp\/v2\/users\/5"}],"replies":[{"embeddable":true,"href":"https:\/\/bicimislata.mibisivalencia.es\/va\/wp-json\/wp\/v2\/comments?post=375"}],"version-history":[{"count":6,"href":"https:\/\/bicimislata.mibisivalencia.es\/va\/wp-json\/wp\/v2\/pages\/375\/revisions"}],"predecessor-version":[{"id":529,"href":"https:\/\/bicimislata.mibisivalencia.es\/va\/wp-json\/wp\/v2\/pages\/375\/revisions\/529"}],"wp:attachment":[{"href":"https:\/\/bicimislata.mibisivalencia.es\/va\/wp-json\/wp\/v2\/media?parent=375"}],"curies":[{"name":"wp","href":"https:\/\/api.w.org\/{rel}","templated":true}]}}