{"id":380,"date":"2022-08-11T12:13:22","date_gmt":"2022-08-11T10:13:22","guid":{"rendered":"https:\/\/nextbike-live.pluspol-networks.de\/mislata\/preguntas-mas-frecuentes\/"},"modified":"2023-02-16T10:19:57","modified_gmt":"2023-02-16T09:19:57","slug":"preguntas-mas-frecuentes","status":"publish","type":"page","link":"https:\/\/bicimislata.mibisivalencia.es\/va\/preguntas-mas-frecuentes\/","title":{"rendered":"Preguntas m\u00e1s frecuentes"},"content":{"rendered":"<div class=\"wpb-content-wrapper\"><p>[vc_row ppi_row_padding=&#8221;ppi_remove_padding_top&#8221;][vc_column]<div class=\"nextbike faq-intro\">\n        <div class=\"faq-intro__image\">\n        <img loading=\"lazy\" decoding=\"async\" width=\"992\" height=\"661\" src=\"https:\/\/bicimislata.mibisivalencia.es\/wp-content\/uploads\/sites\/45\/2023\/01\/Smartbike_2.0__RS_DACH_DETAIL-1-992x661.jpg\" class=\"attachment-nex-md size-nex-md\" alt=\"\" srcset=\"https:\/\/bicimislata.mibisivalencia.es\/wp-content\/uploads\/sites\/45\/2023\/01\/Smartbike_2.0__RS_DACH_DETAIL-1-992x661.jpg 992w, https:\/\/bicimislata.mibisivalencia.es\/wp-content\/uploads\/sites\/45\/2023\/01\/Smartbike_2.0__RS_DACH_DETAIL-1-300x200.jpg 300w, https:\/\/bicimislata.mibisivalencia.es\/wp-content\/uploads\/sites\/45\/2023\/01\/Smartbike_2.0__RS_DACH_DETAIL-1-1024x682.jpg 1024w, https:\/\/bicimislata.mibisivalencia.es\/wp-content\/uploads\/sites\/45\/2023\/01\/Smartbike_2.0__RS_DACH_DETAIL-1-768x512.jpg 768w, https:\/\/bicimislata.mibisivalencia.es\/wp-content\/uploads\/sites\/45\/2023\/01\/Smartbike_2.0__RS_DACH_DETAIL-1-1920x1280.jpg 1920w, https:\/\/bicimislata.mibisivalencia.es\/wp-content\/uploads\/sites\/45\/2023\/01\/Smartbike_2.0__RS_DACH_DETAIL-1-1200x800.jpg 1200w, https:\/\/bicimislata.mibisivalencia.es\/wp-content\/uploads\/sites\/45\/2023\/01\/Smartbike_2.0__RS_DACH_DETAIL-1-480x320.jpg 480w, https:\/\/bicimislata.mibisivalencia.es\/wp-content\/uploads\/sites\/45\/2023\/01\/Smartbike_2.0__RS_DACH_DETAIL-1-210x140.jpg 210w, https:\/\/bicimislata.mibisivalencia.es\/wp-content\/uploads\/sites\/45\/2023\/01\/Smartbike_2.0__RS_DACH_DETAIL-1-150x100.jpg 150w, https:\/\/bicimislata.mibisivalencia.es\/wp-content\/uploads\/sites\/45\/2023\/01\/Smartbike_2.0__RS_DACH_DETAIL-1.jpg 2000w\" sizes=\"auto, (max-width: 992px) 100vw, 992px\" \/>    <\/div>\n            <div class=\"faq-intro__content\">\n                <h1 class=\"faq-intro__headline\">\n            Preguntes m\u00e9s freq\u00fcents        <\/h1>\n                        <div class=\"faq-intro__text\">\n            Vols aprendre m\u00e9s? Trobeu ac\u00ed les preguntes m\u00e9s freq\u00fcents sobre BiciMislata.        <\/div>\n            <\/div>\n    <\/div>\n[\/vc_column][\/vc_row][vc_row ppi_row_type=&#8221;ppi_bg_black&#8221; full_width=&#8221;stretch_row&#8221;][vc_column]<div class=\"nextbike faqs\"><div class=\"faq__items\"><div class=\"ppi_row faqs__items__row\"><div class=\"ppi_col-xs-12\"><h3>Registre<\/h3><\/div><div class=\"ppi_col-xs-12 ppi_col-md-6 faqs__items__column\"><h6 id=\"faq-45-registre-400\" class=\"faqs__accordion\" tabindex=\"0\" role=\"button\" aria-expanded=\"false\" aria-controls=\"faq-panel-45-registre-400\"><i role=\"presentation\" class=\"icon icon-plus\"><\/i>Com puc registrar-me?<\/h6><div id=\"faq-panel-45-registre-400\" class=\"faqs__panel\" role=\"region\" aria-labelledby=\"faq-45-registre-400\"><p>Et pots registrar a nextbike de la seg\u00fcent forma:<\/p>\n<ol>\n<li>Fes el pagament de l\u2019abonament en les installacions<\/li>\n<li>Acudeix al Centre Jove del Mercat o al Centre Jove Turia amb DNI original y fotoc\u00f2pia del mateix, punt del menor com<br \/>\ndel pare\/mare\/tutor i emplena un formulari de registre per a joves de 14+ (els formularis seran facilitats en el Centre Jove).<\/li>\n<li>Un empleat t\u2019assessorar\u00e0 en la creaci\u00f3 del compte i validar\u00e0 el formulari d\u2019autoritzaci\u00f3.<\/li>\n<li>Rebr\u00e0s el PIN d\u2019acc\u00e9s de 6 d\u00edgits per al teu compte de lcient a trav\u00e9s d\u2019un SMS en el teu tel\u00e9fon m\u00f3bil.<\/li>\n<li>Ara has de verificar el teu compte. Per a fer aix\u00f2, inicia sessi\u00f3 en el teu compte de client a trav\u00e9s del lloc web <a href=\"https:\/\/www.bicimislata.mibisivalencia.es\/\">www.bicimislata.mibisivalencia.es<\/a> o l\u2019aplicaci\u00f3 nextbike by TIER.<\/li>\n<li>Despr\u00e9s de verificar el teu compte, Nextbike activar\u00e0 el teu compte i podr\u00e0s comen\u00e7ar<\/li>\n<\/ol>\n<\/div><\/div><div class=\"ppi_col-xs-12 ppi_col-md-6 faqs__items__column\"><\/div><\/div><div class=\"ppi_row faqs__items__row\"><div class=\"ppi_col-xs-12\"><h3>Compte de client<\/h3><\/div><div class=\"ppi_col-xs-12 ppi_col-md-6 faqs__items__column\"><h6 id=\"faq-45-compte-de-client-402\" class=\"faqs__accordion\" tabindex=\"0\" role=\"button\" aria-expanded=\"false\" aria-controls=\"faq-panel-45-compte-de-client-402\"><i role=\"presentation\" class=\"icon icon-plus\"><\/i>Qu\u00e8 succeeix si el meu compte esta desactivat?<\/h6><div id=\"faq-panel-45-compte-de-client-402\" class=\"faqs__panel\" role=\"region\" aria-labelledby=\"faq-45-compte-de-client-402\"><p>Si el teu compte ha sigut desactivat, posa&#8217;t en contacte amb l&#8217;atenci\u00f3 al client al: 662 36 01 85, o acudeix al Centre Jove T\u00faria o Centre Jove el Mercat per a m\u00e9s informaci\u00f3.<\/p>\n<\/div><\/div><div class=\"ppi_col-xs-12 ppi_col-md-6 faqs__items__column\"><h6 id=\"faq-45-compte-de-client-401\" class=\"faqs__accordion\" tabindex=\"0\" role=\"button\" aria-expanded=\"false\" aria-controls=\"faq-panel-45-compte-de-client-401\"><i role=\"presentation\" class=\"icon icon-plus\"><\/i>Com puc canviar el meu n\u00famero de tel\u00e8fon?<\/h6><div id=\"faq-panel-45-compte-de-client-401\" class=\"faqs__panel\" role=\"region\" aria-labelledby=\"faq-45-compte-de-client-401\"><p><span data-sheets-value=\"{&quot;1&quot;:2,&quot;2&quot;:&quot;P\u00f3ngase en contacto con nuestro servicio de atenci\u00f3n al cliente para cambiar su n\u00famero de tel\u00e9fono.&quot;}\" data-sheets-userformat=\"{&quot;2&quot;:7105,&quot;3&quot;:{&quot;1&quot;:0},&quot;9&quot;:1,&quot;10&quot;:0,&quot;11&quot;:4,&quot;12&quot;:0,&quot;14&quot;:{&quot;1&quot;:2,&quot;2&quot;:0},&quot;15&quot;:&quot;Arial, sans-serif&quot;}\">P\u00f3ngase en contacto con nuestro servicio de atenci\u00f3n al cliente para cambiar su n\u00famero de tel\u00e9fono.<\/span><\/p>\n<\/div><\/div><\/div><div class=\"ppi_row faqs__items__row\"><div class=\"ppi_col-xs-12\"><h3>Lloga, aparca i torna<\/h3><\/div><div class=\"ppi_col-xs-12 ppi_col-md-6 faqs__items__column\"><h6 id=\"faq-45-lloga-aparca-i-torna-413\" class=\"faqs__accordion\" tabindex=\"0\" role=\"button\" aria-expanded=\"false\" aria-controls=\"faq-panel-45-lloga-aparca-i-torna-413\"><i role=\"presentation\" class=\"icon icon-plus\"><\/i>La devoluci\u00f3 no s&#8217;ha completat. Qu\u00e8 he de fer?<\/h6><div id=\"faq-panel-45-lloga-aparca-i-torna-413\" class=\"faqs__panel\" role=\"region\" aria-labelledby=\"faq-45-lloga-aparca-i-torna-413\"><p>Per favor, informe a atenci\u00f3 al client, via app o al nostre tel\u00e8fon directe. Anote el n\u00famero de la bicicleta, la ubicaci\u00f3 i el temps d&#8217;\u00fas actual quan va voler tornar la mateixa.<\/p>\n<\/div><h6 id=\"faq-45-lloga-aparca-i-torna-410\" class=\"faqs__accordion\" tabindex=\"0\" role=\"button\" aria-expanded=\"false\" aria-controls=\"faq-panel-45-lloga-aparca-i-torna-410\"><i role=\"presentation\" class=\"icon icon-plus\"><\/i>Puc llogar m\u00e9s d&#8217;una bicicleta amb un sol compte?<\/h6><div id=\"faq-panel-45-lloga-aparca-i-torna-410\" class=\"faqs__panel\" role=\"region\" aria-labelledby=\"faq-45-lloga-aparca-i-torna-410\"><p>No, el servei est\u00e0 limitat a una bicicleta per usuari.<\/p>\n<\/div><h6 id=\"faq-45-lloga-aparca-i-torna-407\" class=\"faqs__accordion\" tabindex=\"0\" role=\"button\" aria-expanded=\"false\" aria-controls=\"faq-panel-45-lloga-aparca-i-torna-407\"><i role=\"presentation\" class=\"icon icon-plus\"><\/i>Qu\u00e8 succeeix si retorne la bicicleta fora de les estacions oficials?<\/h6><div id=\"faq-panel-45-lloga-aparca-i-torna-407\" class=\"faqs__panel\" role=\"region\" aria-labelledby=\"faq-45-lloga-aparca-i-torna-407\"><p>Si retornes la bicicleta fora de la zona permesa, s&#8217;aplicar\u00e0 una penalitzaci\u00f3.<\/p>\n<\/div><h6 id=\"faq-45-lloga-aparca-i-torna-405\" class=\"faqs__accordion\" tabindex=\"0\" role=\"button\" aria-expanded=\"false\" aria-controls=\"faq-panel-45-lloga-aparca-i-torna-405\"><i role=\"presentation\" class=\"icon icon-plus\"><\/i>Qu\u00e8 faig si la meua bicicleta presenta defectes?<\/h6><div id=\"faq-panel-45-lloga-aparca-i-torna-405\" class=\"faqs__panel\" role=\"region\" aria-labelledby=\"faq-45-lloga-aparca-i-torna-405\"><p>Els defectes de la bicicleta poden ser f\u00e0cilment reportats en l&#8217;APP. Per favor revisa si la bicicleta t\u00e9 defectes ABANS de llogar la bicicleta i informa&#8217;ns de qualsevol mal que la mateixa present, perqu\u00e8 puga ser reparada el m\u00e9s r\u00e0pid possible. Si ja has llogat la bicicleta i detectes una fallada, acaba el lloguer i crida a l&#8217;atenci\u00f3 al client.<\/p>\n<\/div><\/div><div class=\"ppi_col-xs-12 ppi_col-md-6 faqs__items__column\"><h6 id=\"faq-45-lloga-aparca-i-torna-411\" class=\"faqs__accordion\" tabindex=\"0\" role=\"button\" aria-expanded=\"false\" aria-controls=\"faq-panel-45-lloga-aparca-i-torna-411\"><i role=\"presentation\" class=\"icon icon-plus\"><\/i>Puc llogar la meua bicicleta en una ciutat i tornar-la en un altra?<\/h6><div id=\"faq-panel-45-lloga-aparca-i-torna-411\" class=\"faqs__panel\" role=\"region\" aria-labelledby=\"faq-45-lloga-aparca-i-torna-411\"><p>Si, actualment disposem d&#8217;estacions oficials a Val\u00e8ncia on pots llogar i tornar les bicicletes.<\/p>\n<\/div><h6 id=\"faq-45-lloga-aparca-i-torna-408\" class=\"faqs__accordion\" tabindex=\"0\" role=\"button\" aria-expanded=\"false\" aria-controls=\"faq-panel-45-lloga-aparca-i-torna-408\"><i role=\"presentation\" class=\"icon icon-plus\"><\/i>Puc aparcar la meua bicicleta durant el lloguer?<\/h6><div id=\"faq-panel-45-lloga-aparca-i-torna-408\" class=\"faqs__panel\" role=\"region\" aria-labelledby=\"faq-45-lloga-aparca-i-torna-408\"><p>S\u00ed pots. Has d&#8217;activar la MANERA P\u00c0RQUING en l&#8217;APP (Bot\u00f3 &#8220;P&#8221;) i tancar el cadenat.<br \/>\nPer a continuar amb el viatge finalitza la MANERA P\u00c0RQUING i el cadenat s&#8217;obrir\u00e0 autom\u00e0ticament. El lloguer es queda actiu durant la MANERA P\u00c0RQUING.<\/p>\n<\/div><h6 id=\"faq-45-lloga-aparca-i-torna-406\" class=\"faqs__accordion\" tabindex=\"0\" role=\"button\" aria-expanded=\"false\" aria-controls=\"faq-panel-45-lloga-aparca-i-torna-406\"><i role=\"presentation\" class=\"icon icon-plus\"><\/i>Com reconec una estaci\u00f3 oficial?<\/h6><div id=\"faq-panel-45-lloga-aparca-i-torna-406\" class=\"faqs__panel\" role=\"region\" aria-labelledby=\"faq-45-lloga-aparca-i-torna-406\"><p>Totes les estacions estan marcades en l&#8217;APP o en el lloc web amb marcadors grans (els marcadors xicotets indiquen bicicletes individuals). Tamb\u00e9 hi ha senyals i terminals amb el logo del servei.<\/p>\n<\/div><h6 id=\"faq-45-lloga-aparca-i-torna-403\" class=\"faqs__accordion\" tabindex=\"0\" role=\"button\" aria-expanded=\"false\" aria-controls=\"faq-panel-45-lloga-aparca-i-torna-403\"><i role=\"presentation\" class=\"icon icon-plus\"><\/i>On puc tornar la bicicleta?<\/h6><div id=\"faq-panel-45-lloga-aparca-i-torna-403\" class=\"faqs__panel\" role=\"region\" aria-labelledby=\"faq-45-lloga-aparca-i-torna-403\"><p>Torna la teua bicicleta en una estaci\u00f3 oficial i tanca el cadenat Framelock. Pots consultar on es troben les estacions oficials en l&#8217;APP. Si tornes la bicicleta lluny de l&#8217;\u00e0rea permesa, s&#8217;aplicar\u00e0 una penalitzaci\u00f3.<\/p>\n<\/div><\/div><\/div><div class=\"ppi_row faqs__items__row\"><div class=\"ppi_col-xs-12\"><h3>Les nostres bicicletes<\/h3><\/div><div class=\"ppi_col-xs-12 ppi_col-md-6 faqs__items__column\"><h6 id=\"faq-45-les-nostres-bicicletes-414\" class=\"faqs__accordion\" tabindex=\"0\" role=\"button\" aria-expanded=\"false\" aria-controls=\"faq-panel-45-les-nostres-bicicletes-414\"><i role=\"presentation\" class=\"icon icon-plus\"><\/i>Quina \u00e9s la c\u00e0rrega m\u00e0xima de les bicicletes?<\/h6><div id=\"faq-panel-45-les-nostres-bicicletes-414\" class=\"faqs__panel\" role=\"region\" aria-labelledby=\"faq-45-les-nostres-bicicletes-414\"><p>La c\u00e0rrega m\u00e0xima de les bicicletes \u00e9s de 100 kg, dels quals un m\u00e0xim de 5 kg poden ser transportats en la cistella.<\/p>\n<\/div><\/div><div class=\"ppi_col-xs-12 ppi_col-md-6 faqs__items__column\"><\/div><\/div><div class=\"ppi_row faqs__items__row\"><div class=\"ppi_col-xs-12\"><h3>Tarifes i condicions<\/h3><\/div><div class=\"ppi_col-xs-12 ppi_col-md-6 faqs__items__column\"><h6 id=\"faq-45-tarifes-i-condicions-415\" class=\"faqs__accordion\" tabindex=\"0\" role=\"button\" aria-expanded=\"false\" aria-controls=\"faq-panel-45-tarifes-i-condicions-415\"><i role=\"presentation\" class=\"icon icon-plus\"><\/i>Quant costa Bicimislata i quines tarifes hi ha disponibles?<\/h6><div id=\"faq-panel-45-tarifes-i-condicions-415\" class=\"faqs__panel\" role=\"region\" aria-labelledby=\"faq-45-tarifes-i-condicions-415\"><p>B\u00c0SIC ANUAL<br \/>\n12\u20ac\/ANY<br \/>\nEl temps d\u2019\u00fas perm\u00e8s amb aquest ABONAMENT es d\u2019un M\u00c0XIM de 30 minuts . Pots retirar i tornar la bicicleta tantes voltes com vullgues.<\/p>\n<p>GENERAL ANUAL<br \/>\nEl temps d\u2019\u00fas perm\u00e8s amb aquest ABONAMENT \u00e9s d\u2019un M\u00c0XIM de 2 HORES.<br \/>\nPots retirar i tornar la bicicleta tantes voltes<br \/>\ncom vullgues.<\/p>\n<\/div><\/div><div class=\"ppi_col-xs-12 ppi_col-md-6 faqs__items__column\"><\/div><\/div><\/div><\/div>[\/vc_column][\/vc_row][vc_row][vc_column width=&#8221;1\/3&#8243;][\/vc_column][vc_column width=&#8221;1\/3&#8243;][\/vc_column][vc_column width=&#8221;1\/3&#8243;][vc_column_text css=&#8221;.vc_custom_1676539195513{margin-bottom: -20px !important;}&#8221;]<strong>Soci oficial:<\/strong>[\/vc_column_text][vc_single_image image=&#8221;377&#8243; img_size=&#8221;medium&#8221;][\/vc_column][\/vc_row]<\/p>\n<\/div>","protected":false},"excerpt":{"rendered":"<p>[vc_row ppi_row_padding=&#8221;ppi_remove_padding_top&#8221;][vc_column][\/vc_column][\/vc_row][vc_row ppi_row_type=&#8221;ppi_bg_black&#8221; full_width=&#8221;stretch_row&#8221;][vc_column][\/vc_column][\/vc_row][vc_row][vc_column width=&#8221;1\/3&#8243;][\/vc_column][vc_column width=&#8221;1\/3&#8243;][\/vc_column][vc_column width=&#8221;1\/3&#8243;][vc_column_text css=&#8221;.vc_custom_1676539195513{margin-bottom: -20px !important;}&#8221;]Soci oficial:[\/vc_column_text][vc_single_image image=&#8221;377&#8243; img_size=&#8221;medium&#8221;][\/vc_column][\/vc_row]<\/p>\n","protected":false},"author":5,"featured_media":0,"parent":0,"menu_order":0,"comment_status":"closed","ping_status":"closed","template":"","meta":{"_acf_changed":false,"inline_featured_image":false,"footnotes":""},"class_list":["post-380","page","type-page","status-publish","hentry"],"acf":[],"yoast_head":"<!-- This site is optimized with the Yoast SEO plugin v27.2 - https:\/\/yoast.com\/product\/yoast-seo-wordpress\/ -->\n<title>Preguntas m\u00e1s frecuentes - BiciMislata<\/title>\n<meta name=\"robots\" content=\"index, follow, max-snippet:-1, max-image-preview:large, max-video-preview:-1\" \/>\n<link rel=\"canonical\" href=\"https:\/\/bicimislata.mibisivalencia.es\/va\/preguntas-mas-frecuentes\/\" \/>\n<meta property=\"og:locale\" content=\"en_US\" \/>\n<meta property=\"og:type\" content=\"article\" \/>\n<meta property=\"og:title\" content=\"Preguntas m\u00e1s frecuentes - BiciMislata\" \/>\n<meta property=\"og:description\" content=\"[vc_row ppi_row_padding=&#8221;ppi_remove_padding_top&#8221;][vc_column][\/vc_column][\/vc_row][vc_row ppi_row_type=&#8221;ppi_bg_black&#8221; full_width=&#8221;stretch_row&#8221;][vc_column][\/vc_column][\/vc_row][vc_row][vc_column width=&#8221;1\/3&#8243;][\/vc_column][vc_column width=&#8221;1\/3&#8243;][\/vc_column][vc_column width=&#8221;1\/3&#8243;][vc_column_text css=&#8221;.vc_custom_1676539195513{margin-bottom: -20px !important;}&#8221;]Soci oficial:[\/vc_column_text][vc_single_image image=&#8221;377&#8243; img_size=&#8221;medium&#8221;][\/vc_column][\/vc_row]\" \/>\n<meta property=\"og:url\" content=\"https:\/\/bicimislata.mibisivalencia.es\/va\/preguntas-mas-frecuentes\/\" \/>\n<meta property=\"og:site_name\" content=\"BiciMislata\" \/>\n<meta property=\"article:modified_time\" content=\"2023-02-16T09:19:57+00:00\" \/>\n<meta name=\"twitter:card\" content=\"summary_large_image\" \/>\n<meta name=\"twitter:label1\" content=\"Est. reading time\" \/>\n\t<meta name=\"twitter:data1\" content=\"1 minute\" \/>\n<script type=\"application\/ld+json\" class=\"yoast-schema-graph\">{\"@context\":\"https:\/\/schema.org\",\"@graph\":[{\"@type\":\"WebPage\",\"@id\":\"https:\/\/bicimislata.mibisivalencia.es\/va\/preguntas-mas-frecuentes\/\",\"url\":\"https:\/\/bicimislata.mibisivalencia.es\/va\/preguntas-mas-frecuentes\/\",\"name\":\"Preguntas m\u00e1s frecuentes - BiciMislata\",\"isPartOf\":{\"@id\":\"https:\/\/bicimislata.mibisivalencia.es\/va\/#website\"},\"datePublished\":\"2022-08-11T10:13:22+00:00\",\"dateModified\":\"2023-02-16T09:19:57+00:00\",\"breadcrumb\":{\"@id\":\"https:\/\/bicimislata.mibisivalencia.es\/va\/preguntas-mas-frecuentes\/#breadcrumb\"},\"inLanguage\":\"va-ES\",\"potentialAction\":[{\"@type\":\"ReadAction\",\"target\":[\"https:\/\/bicimislata.mibisivalencia.es\/va\/preguntas-mas-frecuentes\/\"]}]},{\"@type\":\"BreadcrumbList\",\"@id\":\"https:\/\/bicimislata.mibisivalencia.es\/va\/preguntas-mas-frecuentes\/#breadcrumb\",\"itemListElement\":[{\"@type\":\"ListItem\",\"position\":1,\"name\":\"Startseite\",\"item\":\"https:\/\/bicimislata.mibisivalencia.es\/va\/\"},{\"@type\":\"ListItem\",\"position\":2,\"name\":\"Preguntas m\u00e1s frecuentes\"}]},{\"@type\":\"WebSite\",\"@id\":\"https:\/\/bicimislata.mibisivalencia.es\/va\/#website\",\"url\":\"https:\/\/bicimislata.mibisivalencia.es\/va\/\",\"name\":\"BiciMislata\",\"description\":\"Bicicletas compartidas en Mislata\",\"potentialAction\":[{\"@type\":\"SearchAction\",\"target\":{\"@type\":\"EntryPoint\",\"urlTemplate\":\"https:\/\/bicimislata.mibisivalencia.es\/va\/?s={search_term_string}\"},\"query-input\":{\"@type\":\"PropertyValueSpecification\",\"valueRequired\":true,\"valueName\":\"search_term_string\"}}],\"inLanguage\":\"va-ES\"}]}<\/script>\n<!-- \/ Yoast SEO plugin. -->","yoast_head_json":{"title":"Preguntas m\u00e1s frecuentes - BiciMislata","robots":{"index":"index","follow":"follow","max-snippet":"max-snippet:-1","max-image-preview":"max-image-preview:large","max-video-preview":"max-video-preview:-1"},"canonical":"https:\/\/bicimislata.mibisivalencia.es\/va\/preguntas-mas-frecuentes\/","og_locale":"en_US","og_type":"article","og_title":"Preguntas m\u00e1s frecuentes - BiciMislata","og_description":"[vc_row ppi_row_padding=&#8221;ppi_remove_padding_top&#8221;][vc_column][\/vc_column][\/vc_row][vc_row ppi_row_type=&#8221;ppi_bg_black&#8221; full_width=&#8221;stretch_row&#8221;][vc_column][\/vc_column][\/vc_row][vc_row][vc_column width=&#8221;1\/3&#8243;][\/vc_column][vc_column width=&#8221;1\/3&#8243;][\/vc_column][vc_column width=&#8221;1\/3&#8243;][vc_column_text css=&#8221;.vc_custom_1676539195513{margin-bottom: -20px !important;}&#8221;]Soci oficial:[\/vc_column_text][vc_single_image image=&#8221;377&#8243; img_size=&#8221;medium&#8221;][\/vc_column][\/vc_row]","og_url":"https:\/\/bicimislata.mibisivalencia.es\/va\/preguntas-mas-frecuentes\/","og_site_name":"BiciMislata","article_modified_time":"2023-02-16T09:19:57+00:00","twitter_card":"summary_large_image","twitter_misc":{"Est. reading time":"1 minute"},"schema":{"@context":"https:\/\/schema.org","@graph":[{"@type":"WebPage","@id":"https:\/\/bicimislata.mibisivalencia.es\/va\/preguntas-mas-frecuentes\/","url":"https:\/\/bicimislata.mibisivalencia.es\/va\/preguntas-mas-frecuentes\/","name":"Preguntas m\u00e1s frecuentes - BiciMislata","isPartOf":{"@id":"https:\/\/bicimislata.mibisivalencia.es\/va\/#website"},"datePublished":"2022-08-11T10:13:22+00:00","dateModified":"2023-02-16T09:19:57+00:00","breadcrumb":{"@id":"https:\/\/bicimislata.mibisivalencia.es\/va\/preguntas-mas-frecuentes\/#breadcrumb"},"inLanguage":"va-ES","potentialAction":[{"@type":"ReadAction","target":["https:\/\/bicimislata.mibisivalencia.es\/va\/preguntas-mas-frecuentes\/"]}]},{"@type":"BreadcrumbList","@id":"https:\/\/bicimislata.mibisivalencia.es\/va\/preguntas-mas-frecuentes\/#breadcrumb","itemListElement":[{"@type":"ListItem","position":1,"name":"Startseite","item":"https:\/\/bicimislata.mibisivalencia.es\/va\/"},{"@type":"ListItem","position":2,"name":"Preguntas m\u00e1s frecuentes"}]},{"@type":"WebSite","@id":"https:\/\/bicimislata.mibisivalencia.es\/va\/#website","url":"https:\/\/bicimislata.mibisivalencia.es\/va\/","name":"BiciMislata","description":"Bicicletas compartidas en Mislata","potentialAction":[{"@type":"SearchAction","target":{"@type":"EntryPoint","urlTemplate":"https:\/\/bicimislata.mibisivalencia.es\/va\/?s={search_term_string}"},"query-input":{"@type":"PropertyValueSpecification","valueRequired":true,"valueName":"search_term_string"}}],"inLanguage":"va-ES"}]}},"_links":{"self":[{"href":"https:\/\/bicimislata.mibisivalencia.es\/va\/wp-json\/wp\/v2\/pages\/380","targetHints":{"allow":["GET"]}}],"collection":[{"href":"https:\/\/bicimislata.mibisivalencia.es\/va\/wp-json\/wp\/v2\/pages"}],"about":[{"href":"https:\/\/bicimislata.mibisivalencia.es\/va\/wp-json\/wp\/v2\/types\/page"}],"author":[{"embeddable":true,"href":"https:\/\/bicimislata.mibisivalencia.es\/va\/wp-json\/wp\/v2\/users\/5"}],"replies":[{"embeddable":true,"href":"https:\/\/bicimislata.mibisivalencia.es\/va\/wp-json\/wp\/v2\/comments?post=380"}],"version-history":[{"count":4,"href":"https:\/\/bicimislata.mibisivalencia.es\/va\/wp-json\/wp\/v2\/pages\/380\/revisions"}],"predecessor-version":[{"id":530,"href":"https:\/\/bicimislata.mibisivalencia.es\/va\/wp-json\/wp\/v2\/pages\/380\/revisions\/530"}],"wp:attachment":[{"href":"https:\/\/bicimislata.mibisivalencia.es\/va\/wp-json\/wp\/v2\/media?parent=380"}],"curies":[{"name":"wp","href":"https:\/\/api.w.org\/{rel}","templated":true}]}}