{"id":382,"date":"2022-08-11T12:14:05","date_gmt":"2022-08-11T10:14:05","guid":{"rendered":"https:\/\/nextbike-live.pluspol-networks.de\/mislata\/proteccion-de-datos\/"},"modified":"2023-02-16T10:20:17","modified_gmt":"2023-02-16T09:20:17","slug":"privacy","status":"publish","type":"page","link":"https:\/\/bicimislata.mibisivalencia.es\/va\/privacy\/","title":{"rendered":"Protecci\u00f3 de dades"},"content":{"rendered":"<div class=\"wpb-content-wrapper\"><p>[vc_row][vc_column][vc_column_text]<div class=\"ppi_privacy ppi_content\"><h2>Pol\u00edtica de privacitat de dades<\/h2>\n<p><strong>Nom i direcci\u00f3 del responsable<\/strong><\/p>\n<p>La persona responsable en el sentit del Reglament B\u00e0sic de Protecci\u00f3 de Dades i altres lleis<br \/>\nnacionals de protecci\u00f3 de dades dels estats membres, aix\u00ed com altres disposicions de protecci\u00f3<br \/>\nde dades, \u00e9s:<\/p>\n<p><strong>MOVILIDAD URBANA SOSTENIBLE SL<\/strong><br \/>\nCarrer Many\u00e0 24, Parc Empresarial T\u00e1ctica,<br \/>\n46980 \u2013 Paterna, Val\u00e8ncia, Espa\u00f1a.<br \/>\nTel\u00e9fono: 34 96 111 15 75<br \/>\nE-Mail: info@mibisivalencia.es<\/p>\n<p>Ens prenem molt de enserio la protecci\u00f3 de les seues dades personals i els tractem de manera<br \/>\nconfidencial i d&#8217;acord amb les normes legals de protecci\u00f3 de dades i aquesta declaraci\u00f3.<\/p>\n<p>L&#8217;\u00fas de les nostres p\u00e0gines web \u00e9s possible sense proporcionar dades personals. En la mesura<br \/>\nen qu\u00e8 s&#8217;obtinguen dades personals per part nostra (per exemple, nom, adre\u00e7a o adreces de<br \/>\ncorreu electr\u00f2nic), aix\u00f2 es realitza, en la mesura que siga possible, sempre de manera<br \/>\nvolunt\u00e0ria. Aquestes dades no se cediran a tercers sense el seu expr\u00e9s consentiment.<\/p>\n<p>La seg\u00fcent normativa l&#8217;informa sobre aquest tema sobre el tipus, abast i finalitat de la<br \/>\nrecollida, \u00fas i tractament de dades personals per part del prestador.<\/p>\n<p><a href=\"#\">Realitze ajustos individuals de protecci\u00f3 de dades.<\/a><\/p>\n<h4 class=\"ppi_download_headline\">Desc\u00e0rregues<\/h4><div class=\"ppi_download_row ppi_row\"><div class=\"ppi_download_col ppi_col-md-6\"><p class=\"ppi_download_desc\">Pol\u00edtica privacitat BiciMislata (Valenci\u00e0)<\/p><a aria-label=\"S&#039;obre en una nova pestanya\" href=\"https:\/\/bicimislata.mibisivalencia.es\/wp-content\/uploads\/sites\/45\/2023\/01\/Politica-privacidad-BiciMislata_Valenciano_2023.pdf\" target=\"_blank\" class=\"ppi_download_link\"><strong>Descarregar<\/strong><\/a><\/div><div class=\"ppi_download_col ppi_col-md-6\"><p class=\"ppi_download_desc\"><\/p><a aria-label=\"S&#039;obre en una nova pestanya\" href=\"\" target=\"_blank\" class=\"ppi_download_link\"><strong>Descarregar<\/strong><\/a><\/div><\/div><h4 class=\"ppi_download_headline\"><\/h4><div class=\"ppi_download_row ppi_row\"><div class=\"ppi_download_col ppi_col-md-6\"><p class=\"ppi_download_desc\"><\/p><a aria-label=\"S&#039;obre en una nova pestanya\" href=\"\" target=\"_blank\" class=\"ppi_download_link\"><strong>Descarregar<\/strong><\/a><\/div><div class=\"ppi_download_col ppi_col-md-6\"><p class=\"ppi_download_desc\"><\/p><a aria-label=\"S&#039;obre en una nova pestanya\" href=\"\" target=\"_blank\" class=\"ppi_download_link\"><strong>Descarregar<\/strong><\/a><\/div><\/div><\/div>[\/vc_column_text][\/vc_column][\/vc_row][vc_row][vc_column width=&#8221;1\/3&#8243;][\/vc_column][vc_column width=&#8221;1\/3&#8243;][\/vc_column][vc_column width=&#8221;1\/3&#8243;][vc_column_text css=&#8221;.vc_custom_1676539214497{margin-bottom: -20px !important;}&#8221;]<strong>Soci oficial:<\/strong>[\/vc_column_text][vc_single_image image=&#8221;377&#8243; img_size=&#8221;medium&#8221;][\/vc_column][\/vc_row]<\/p>\n<\/div>","protected":false},"excerpt":{"rendered":"<p>[vc_row][vc_column][vc_column_text][\/vc_column_text][\/vc_column][\/vc_row][vc_row][vc_column width=&#8221;1\/3&#8243;][\/vc_column][vc_column width=&#8221;1\/3&#8243;][\/vc_column][vc_column width=&#8221;1\/3&#8243;][vc_column_text css=&#8221;.vc_custom_1676539214497{margin-bottom: -20px !important;}&#8221;]Soci oficial:[\/vc_column_text][vc_single_image image=&#8221;377&#8243; img_size=&#8221;medium&#8221;][\/vc_column][\/vc_row]<\/p>\n","protected":false},"author":5,"featured_media":0,"parent":0,"menu_order":0,"comment_status":"closed","ping_status":"closed","template":"page-bubble.php","meta":{"_acf_changed":false,"inline_featured_image":false,"footnotes":""},"class_list":["post-382","page","type-page","status-publish","hentry"],"acf":[],"yoast_head":"<!-- This site is optimized with the Yoast SEO plugin v27.2 - https:\/\/yoast.com\/product\/yoast-seo-wordpress\/ -->\n<title>Protecci\u00f3 de dades - BiciMislata<\/title>\n<meta name=\"robots\" content=\"index, follow, max-snippet:-1, max-image-preview:large, max-video-preview:-1\" \/>\n<link rel=\"canonical\" href=\"https:\/\/bicimislata.mibisivalencia.es\/va\/privacy\/\" \/>\n<meta property=\"og:locale\" content=\"en_US\" \/>\n<meta property=\"og:type\" content=\"article\" \/>\n<meta property=\"og:title\" content=\"Protecci\u00f3 de dades - BiciMislata\" \/>\n<meta property=\"og:description\" content=\"[vc_row][vc_column][vc_column_text][\/vc_column_text][\/vc_column][\/vc_row][vc_row][vc_column width=&#8221;1\/3&#8243;][\/vc_column][vc_column width=&#8221;1\/3&#8243;][\/vc_column][vc_column width=&#8221;1\/3&#8243;][vc_column_text css=&#8221;.vc_custom_1676539214497{margin-bottom: -20px !important;}&#8221;]Soci oficial:[\/vc_column_text][vc_single_image image=&#8221;377&#8243; img_size=&#8221;medium&#8221;][\/vc_column][\/vc_row]\" \/>\n<meta property=\"og:url\" content=\"https:\/\/bicimislata.mibisivalencia.es\/va\/privacy\/\" \/>\n<meta property=\"og:site_name\" content=\"BiciMislata\" \/>\n<meta property=\"article:modified_time\" content=\"2023-02-16T09:20:17+00:00\" \/>\n<meta name=\"twitter:card\" content=\"summary_large_image\" \/>\n<meta name=\"twitter:label1\" content=\"Est. reading time\" \/>\n\t<meta name=\"twitter:data1\" content=\"1 minute\" \/>\n<script type=\"application\/ld+json\" class=\"yoast-schema-graph\">{\"@context\":\"https:\/\/schema.org\",\"@graph\":[{\"@type\":\"WebPage\",\"@id\":\"https:\/\/bicimislata.mibisivalencia.es\/va\/privacy\/\",\"url\":\"https:\/\/bicimislata.mibisivalencia.es\/va\/privacy\/\",\"name\":\"Protecci\u00f3 de dades - BiciMislata\",\"isPartOf\":{\"@id\":\"https:\/\/bicimislata.mibisivalencia.es\/va\/#website\"},\"datePublished\":\"2022-08-11T10:14:05+00:00\",\"dateModified\":\"2023-02-16T09:20:17+00:00\",\"breadcrumb\":{\"@id\":\"https:\/\/bicimislata.mibisivalencia.es\/va\/privacy\/#breadcrumb\"},\"inLanguage\":\"va-ES\",\"potentialAction\":[{\"@type\":\"ReadAction\",\"target\":[\"https:\/\/bicimislata.mibisivalencia.es\/va\/privacy\/\"]}]},{\"@type\":\"BreadcrumbList\",\"@id\":\"https:\/\/bicimislata.mibisivalencia.es\/va\/privacy\/#breadcrumb\",\"itemListElement\":[{\"@type\":\"ListItem\",\"position\":1,\"name\":\"Startseite\",\"item\":\"https:\/\/bicimislata.mibisivalencia.es\/va\/\"},{\"@type\":\"ListItem\",\"position\":2,\"name\":\"Protecci\u00f3 de dades\"}]},{\"@type\":\"WebSite\",\"@id\":\"https:\/\/bicimislata.mibisivalencia.es\/va\/#website\",\"url\":\"https:\/\/bicimislata.mibisivalencia.es\/va\/\",\"name\":\"BiciMislata\",\"description\":\"Bicicletas compartidas en Mislata\",\"potentialAction\":[{\"@type\":\"SearchAction\",\"target\":{\"@type\":\"EntryPoint\",\"urlTemplate\":\"https:\/\/bicimislata.mibisivalencia.es\/va\/?s={search_term_string}\"},\"query-input\":{\"@type\":\"PropertyValueSpecification\",\"valueRequired\":true,\"valueName\":\"search_term_string\"}}],\"inLanguage\":\"va-ES\"}]}<\/script>\n<!-- \/ Yoast SEO plugin. -->","yoast_head_json":{"title":"Protecci\u00f3 de dades - BiciMislata","robots":{"index":"index","follow":"follow","max-snippet":"max-snippet:-1","max-image-preview":"max-image-preview:large","max-video-preview":"max-video-preview:-1"},"canonical":"https:\/\/bicimislata.mibisivalencia.es\/va\/privacy\/","og_locale":"en_US","og_type":"article","og_title":"Protecci\u00f3 de dades - BiciMislata","og_description":"[vc_row][vc_column][vc_column_text][\/vc_column_text][\/vc_column][\/vc_row][vc_row][vc_column width=&#8221;1\/3&#8243;][\/vc_column][vc_column width=&#8221;1\/3&#8243;][\/vc_column][vc_column width=&#8221;1\/3&#8243;][vc_column_text css=&#8221;.vc_custom_1676539214497{margin-bottom: -20px !important;}&#8221;]Soci oficial:[\/vc_column_text][vc_single_image image=&#8221;377&#8243; img_size=&#8221;medium&#8221;][\/vc_column][\/vc_row]","og_url":"https:\/\/bicimislata.mibisivalencia.es\/va\/privacy\/","og_site_name":"BiciMislata","article_modified_time":"2023-02-16T09:20:17+00:00","twitter_card":"summary_large_image","twitter_misc":{"Est. reading time":"1 minute"},"schema":{"@context":"https:\/\/schema.org","@graph":[{"@type":"WebPage","@id":"https:\/\/bicimislata.mibisivalencia.es\/va\/privacy\/","url":"https:\/\/bicimislata.mibisivalencia.es\/va\/privacy\/","name":"Protecci\u00f3 de dades - BiciMislata","isPartOf":{"@id":"https:\/\/bicimislata.mibisivalencia.es\/va\/#website"},"datePublished":"2022-08-11T10:14:05+00:00","dateModified":"2023-02-16T09:20:17+00:00","breadcrumb":{"@id":"https:\/\/bicimislata.mibisivalencia.es\/va\/privacy\/#breadcrumb"},"inLanguage":"va-ES","potentialAction":[{"@type":"ReadAction","target":["https:\/\/bicimislata.mibisivalencia.es\/va\/privacy\/"]}]},{"@type":"BreadcrumbList","@id":"https:\/\/bicimislata.mibisivalencia.es\/va\/privacy\/#breadcrumb","itemListElement":[{"@type":"ListItem","position":1,"name":"Startseite","item":"https:\/\/bicimislata.mibisivalencia.es\/va\/"},{"@type":"ListItem","position":2,"name":"Protecci\u00f3 de dades"}]},{"@type":"WebSite","@id":"https:\/\/bicimislata.mibisivalencia.es\/va\/#website","url":"https:\/\/bicimislata.mibisivalencia.es\/va\/","name":"BiciMislata","description":"Bicicletas compartidas en Mislata","potentialAction":[{"@type":"SearchAction","target":{"@type":"EntryPoint","urlTemplate":"https:\/\/bicimislata.mibisivalencia.es\/va\/?s={search_term_string}"},"query-input":{"@type":"PropertyValueSpecification","valueRequired":true,"valueName":"search_term_string"}}],"inLanguage":"va-ES"}]}},"_links":{"self":[{"href":"https:\/\/bicimislata.mibisivalencia.es\/va\/wp-json\/wp\/v2\/pages\/382","targetHints":{"allow":["GET"]}}],"collection":[{"href":"https:\/\/bicimislata.mibisivalencia.es\/va\/wp-json\/wp\/v2\/pages"}],"about":[{"href":"https:\/\/bicimislata.mibisivalencia.es\/va\/wp-json\/wp\/v2\/types\/page"}],"author":[{"embeddable":true,"href":"https:\/\/bicimislata.mibisivalencia.es\/va\/wp-json\/wp\/v2\/users\/5"}],"replies":[{"embeddable":true,"href":"https:\/\/bicimislata.mibisivalencia.es\/va\/wp-json\/wp\/v2\/comments?post=382"}],"version-history":[{"count":5,"href":"https:\/\/bicimislata.mibisivalencia.es\/va\/wp-json\/wp\/v2\/pages\/382\/revisions"}],"predecessor-version":[{"id":531,"href":"https:\/\/bicimislata.mibisivalencia.es\/va\/wp-json\/wp\/v2\/pages\/382\/revisions\/531"}],"wp:attachment":[{"href":"https:\/\/bicimislata.mibisivalencia.es\/va\/wp-json\/wp\/v2\/media?parent=382"}],"curies":[{"name":"wp","href":"https:\/\/api.w.org\/{rel}","templated":true}]}}